{"id":193429,"date":"2025-04-30T10:59:20","date_gmt":"2025-04-30T08:59:20","guid":{"rendered":"https:\/\/www.laperlavalles.cat\/product\/dumplings-al-vapor-pollo-y-verduras-560g-bibigo-congelado-8\/"},"modified":"2025-04-30T10:59:20","modified_gmt":"2025-04-30T08:59:20","slug":"dumplings-al-vapor-pollo-y-verduras-560g-bibigo-congelado-8","status":"publish","type":"product","link":"https:\/\/www.laperlavalles.cat\/es\/product\/dumplings-al-vapor-pollo-y-verduras-560g-bibigo-congelado-8\/","title":{"rendered":"DUMPLINGS AL VAPOR POLLO Y VERDURAS 560G BIBIGO CONGELADO"},"content":{"rendered":"<p>Los Dumplings al Vapor Pollo y Verduras 560g Bibigo Congelado son empanadillas coreanas rellenas con una combinaci\u00f3n de carne de pollo y verduras como repollo, cebolla, cebolleta, ajo y tofu. Su masa fina y suave se cocina al vapor, ofreciendo una textura delicada y un sabor aut\u00e9ntico. Ideales para una preparaci\u00f3n r\u00e1pida al vapor o en sart\u00e9n, estas gyoza son perfectas como plato principal, acompa\u00f1amiento o aperitivo<\/p>\n","protected":false},"excerpt":{"rendered":"<p>Los Dumplings al Vapor Pollo y Verduras 560g Bibigo Congelado son empanadillas coreanas rellenas con una combinaci\u00f3n de carne de pollo y verduras como repollo, cebolla,<span class=\"excerpt-hellip\"> [\u2026]<\/span><\/p>\n","protected":false},"featured_media":193425,"comment_status":"open","ping_status":"closed","template":"","meta":[],"product_cat":[36],"product_tag":[],"_links":{"self":[{"href":"https:\/\/www.laperlavalles.cat\/es\/wp-json\/wp\/v2\/product\/193429"}],"collection":[{"href":"https:\/\/www.laperlavalles.cat\/es\/wp-json\/wp\/v2\/product"}],"about":[{"href":"https:\/\/www.laperlavalles.cat\/es\/wp-json\/wp\/v2\/types\/product"}],"replies":[{"embeddable":true,"href":"https:\/\/www.laperlavalles.cat\/es\/wp-json\/wp\/v2\/comments?post=193429"}],"wp:featuredmedia":[{"embeddable":true,"href":"https:\/\/www.laperlavalles.cat\/es\/wp-json\/wp\/v2\/media\/193425"}],"wp:attachment":[{"href":"https:\/\/www.laperlavalles.cat\/es\/wp-json\/wp\/v2\/media?parent=193429"}],"wp:term":[{"taxonomy":"product_cat","embeddable":true,"href":"https:\/\/www.laperlavalles.cat\/es\/wp-json\/wp\/v2\/product_cat?post=193429"},{"taxonomy":"product_tag","embeddable":true,"href":"https:\/\/www.laperlavalles.cat\/es\/wp-json\/wp\/v2\/product_tag?post=193429"}],"curies":[{"name":"wp","href":"https:\/\/api.w.org\/{rel}","templated":true}]}}