{"id":194138,"date":"2025-04-30T11:46:52","date_gmt":"2025-04-30T09:46:52","guid":{"rendered":"https:\/\/www.laperlavalles.cat\/product\/bibigo-salsa-coreana-topokki-dulce-y-picante-150g-7\/"},"modified":"2025-04-30T11:46:52","modified_gmt":"2025-04-30T09:46:52","slug":"bibigo-salsa-coreana-topokki-dulce-y-picante-150g-7","status":"publish","type":"product","link":"https:\/\/www.laperlavalles.cat\/es\/product\/bibigo-salsa-coreana-topokki-dulce-y-picante-150g-7\/","title":{"rendered":"BIBIGO SALSA COREANA TOPOKKI DULCE Y PICANTE 150G"},"content":{"rendered":"<p>La Bibigo Salsa Coreana Topokki Dulce y Picante 150g es una salsa tradicional coreana dise\u00f1ada para preparar el popular plato callejero \u00abtteokbokki\u00bb. Combina la dulzura del pur\u00e9 de manzana con el picante del gochujang, ofreciendo un sabor equilibrado y aut\u00e9ntico. Ideal para acompa\u00f1ar pasteles de arroz (tteok), verduras o carnes.<\/p>\n","protected":false},"excerpt":{"rendered":"<p>La Bibigo Salsa Coreana Topokki Dulce y Picante 150g es una salsa tradicional coreana dise\u00f1ada para preparar el popular plato callejero \u00abtteokbokki\u00bb. Combina la dulzura del<span class=\"excerpt-hellip\"> [\u2026]<\/span><\/p>\n","protected":false},"featured_media":194134,"comment_status":"open","ping_status":"closed","template":"","meta":[],"product_cat":[36],"product_tag":[],"_links":{"self":[{"href":"https:\/\/www.laperlavalles.cat\/es\/wp-json\/wp\/v2\/product\/194138"}],"collection":[{"href":"https:\/\/www.laperlavalles.cat\/es\/wp-json\/wp\/v2\/product"}],"about":[{"href":"https:\/\/www.laperlavalles.cat\/es\/wp-json\/wp\/v2\/types\/product"}],"replies":[{"embeddable":true,"href":"https:\/\/www.laperlavalles.cat\/es\/wp-json\/wp\/v2\/comments?post=194138"}],"wp:featuredmedia":[{"embeddable":true,"href":"https:\/\/www.laperlavalles.cat\/es\/wp-json\/wp\/v2\/media\/194134"}],"wp:attachment":[{"href":"https:\/\/www.laperlavalles.cat\/es\/wp-json\/wp\/v2\/media?parent=194138"}],"wp:term":[{"taxonomy":"product_cat","embeddable":true,"href":"https:\/\/www.laperlavalles.cat\/es\/wp-json\/wp\/v2\/product_cat?post=194138"},{"taxonomy":"product_tag","embeddable":true,"href":"https:\/\/www.laperlavalles.cat\/es\/wp-json\/wp\/v2\/product_tag?post=194138"}],"curies":[{"name":"wp","href":"https:\/\/api.w.org\/{rel}","templated":true}]}}