{"id":194188,"date":"2025-04-30T11:49:38","date_gmt":"2025-04-30T09:49:38","guid":{"rendered":"https:\/\/www.laperlavalles.cat\/product\/algas-tostadas-sazonadas-8x5g-bibigo-2\/"},"modified":"2025-04-30T11:49:38","modified_gmt":"2025-04-30T09:49:38","slug":"algas-tostadas-sazonadas-8x5g-bibigo-2","status":"publish","type":"product","link":"https:\/\/www.laperlavalles.cat\/es\/product\/algas-tostadas-sazonadas-8x5g-bibigo-2\/","title":{"rendered":"ALGAS TOSTADAS SAZONADAS (8X5G) BIBIGO"},"content":{"rendered":"<p>Las Algas Tostadas Sazonadas (8x5g) Bibigo son l\u00e1minas de algas coreanas tostadas y sazonadas con aceite de colza, aceite de s\u00e9samo y sal. Un snack ligero y crujiente, ideal para acompa\u00f1ar arroz o disfrutar solo<\/p>\n","protected":false},"excerpt":{"rendered":"<p>Las Algas Tostadas Sazonadas (8x5g) Bibigo son l\u00e1minas de algas coreanas tostadas y sazonadas con aceite de colza, aceite de s\u00e9samo y sal. Un snack ligero<span class=\"excerpt-hellip\"> [\u2026]<\/span><\/p>\n","protected":false},"featured_media":194184,"comment_status":"open","ping_status":"closed","template":"","meta":[],"product_cat":[36],"product_tag":[],"_links":{"self":[{"href":"https:\/\/www.laperlavalles.cat\/es\/wp-json\/wp\/v2\/product\/194188"}],"collection":[{"href":"https:\/\/www.laperlavalles.cat\/es\/wp-json\/wp\/v2\/product"}],"about":[{"href":"https:\/\/www.laperlavalles.cat\/es\/wp-json\/wp\/v2\/types\/product"}],"replies":[{"embeddable":true,"href":"https:\/\/www.laperlavalles.cat\/es\/wp-json\/wp\/v2\/comments?post=194188"}],"wp:featuredmedia":[{"embeddable":true,"href":"https:\/\/www.laperlavalles.cat\/es\/wp-json\/wp\/v2\/media\/194184"}],"wp:attachment":[{"href":"https:\/\/www.laperlavalles.cat\/es\/wp-json\/wp\/v2\/media?parent=194188"}],"wp:term":[{"taxonomy":"product_cat","embeddable":true,"href":"https:\/\/www.laperlavalles.cat\/es\/wp-json\/wp\/v2\/product_cat?post=194188"},{"taxonomy":"product_tag","embeddable":true,"href":"https:\/\/www.laperlavalles.cat\/es\/wp-json\/wp\/v2\/product_tag?post=194188"}],"curies":[{"name":"wp","href":"https:\/\/api.w.org\/{rel}","templated":true}]}}