{"id":194678,"date":"2025-06-09T09:30:51","date_gmt":"2025-06-09T07:31:01","guid":{"rendered":"https:\/\/www.laperlavalles.cat\/product\/aceite-de-coco-virgen-bamboo-tree-250ml\/"},"modified":"2025-07-03T10:00:13","modified_gmt":"2025-07-03T08:00:13","slug":"aceite-de-coco-virgen-bamboo-tree-250ml","status":"publish","type":"product","link":"https:\/\/www.laperlavalles.cat\/es\/product\/aceite-de-coco-virgen-bamboo-tree-250ml\/","title":{"rendered":"ACEITE DE COCO VIRGEN BAMBOO TREE 250ML"},"content":{"rendered":"<p>Aceite de coco virgen obtenido por prensado en fr\u00edo de coco fresco, rico en \u00e1cido l\u00e1urico, antioxidantes y vitaminas. Hidrata la piel, protege el cabello, resiste bien el calor en cocina y aporta grasas saludables.<\/p>\n","protected":false},"excerpt":{"rendered":"<p>Aceite de coco virgen obtenido por prensado en fr\u00edo de coco fresco, rico en \u00e1cido l\u00e1urico, antioxidantes y vitaminas. Hidrata la piel, protege el cabello, resiste<span class=\"excerpt-hellip\"> [\u2026]<\/span><\/p>\n","protected":false},"featured_media":194667,"comment_status":"open","ping_status":"closed","template":"","meta":[],"product_cat":[8466,8391],"product_tag":[],"_links":{"self":[{"href":"https:\/\/www.laperlavalles.cat\/es\/wp-json\/wp\/v2\/product\/194678"}],"collection":[{"href":"https:\/\/www.laperlavalles.cat\/es\/wp-json\/wp\/v2\/product"}],"about":[{"href":"https:\/\/www.laperlavalles.cat\/es\/wp-json\/wp\/v2\/types\/product"}],"replies":[{"embeddable":true,"href":"https:\/\/www.laperlavalles.cat\/es\/wp-json\/wp\/v2\/comments?post=194678"}],"wp:featuredmedia":[{"embeddable":true,"href":"https:\/\/www.laperlavalles.cat\/es\/wp-json\/wp\/v2\/media\/194667"}],"wp:attachment":[{"href":"https:\/\/www.laperlavalles.cat\/es\/wp-json\/wp\/v2\/media?parent=194678"}],"wp:term":[{"taxonomy":"product_cat","embeddable":true,"href":"https:\/\/www.laperlavalles.cat\/es\/wp-json\/wp\/v2\/product_cat?post=194678"},{"taxonomy":"product_tag","embeddable":true,"href":"https:\/\/www.laperlavalles.cat\/es\/wp-json\/wp\/v2\/product_tag?post=194678"}],"curies":[{"name":"wp","href":"https:\/\/api.w.org\/{rel}","templated":true}]}}