{"id":194723,"date":"2025-06-09T09:36:47","date_gmt":"2025-06-09T07:36:47","guid":{"rendered":"https:\/\/www.laperlavalles.cat\/product\/aceite-de-coco-virgen-bamboo-tree-250ml-4\/"},"modified":"2025-06-09T09:36:47","modified_gmt":"2025-06-09T07:36:47","slug":"aceite-de-coco-virgen-bamboo-tree-250ml-4","status":"publish","type":"product","link":"https:\/\/www.laperlavalles.cat\/es\/product\/aceite-de-coco-virgen-bamboo-tree-250ml-4\/","title":{"rendered":"ACEITE DE COCO VIRGEN BAMBOO TREE 250ML"},"content":{"rendered":"<p>Aceite de coco virgen obtenido por prensado en fr\u00edo de coco fresco, rico en \u00e1cido l\u00e1urico, antioxidantes y vitaminas. Hidrata la piel, protege el cabello, resiste bien el calor en cocina y aporta grasas saludables.<\/p>\n","protected":false},"excerpt":{"rendered":"<p>Aceite de coco virgen obtenido por prensado en fr\u00edo de coco fresco, rico en \u00e1cido l\u00e1urico, antioxidantes y vitaminas. Hidrata la piel, protege el cabello, resiste<span class=\"excerpt-hellip\"> [\u2026]<\/span><\/p>\n","protected":false},"featured_media":194719,"comment_status":"open","ping_status":"closed","template":"","meta":[],"product_cat":[36],"product_tag":[],"_links":{"self":[{"href":"https:\/\/www.laperlavalles.cat\/es\/wp-json\/wp\/v2\/product\/194723"}],"collection":[{"href":"https:\/\/www.laperlavalles.cat\/es\/wp-json\/wp\/v2\/product"}],"about":[{"href":"https:\/\/www.laperlavalles.cat\/es\/wp-json\/wp\/v2\/types\/product"}],"replies":[{"embeddable":true,"href":"https:\/\/www.laperlavalles.cat\/es\/wp-json\/wp\/v2\/comments?post=194723"}],"wp:featuredmedia":[{"embeddable":true,"href":"https:\/\/www.laperlavalles.cat\/es\/wp-json\/wp\/v2\/media\/194719"}],"wp:attachment":[{"href":"https:\/\/www.laperlavalles.cat\/es\/wp-json\/wp\/v2\/media?parent=194723"}],"wp:term":[{"taxonomy":"product_cat","embeddable":true,"href":"https:\/\/www.laperlavalles.cat\/es\/wp-json\/wp\/v2\/product_cat?post=194723"},{"taxonomy":"product_tag","embeddable":true,"href":"https:\/\/www.laperlavalles.cat\/es\/wp-json\/wp\/v2\/product_tag?post=194723"}],"curies":[{"name":"wp","href":"https:\/\/api.w.org\/{rel}","templated":true}]}}