{"id":195043,"date":"2025-06-09T10:00:51","date_gmt":"2025-06-09T08:01:04","guid":{"rendered":"https:\/\/www.laperlavalles.cat\/product\/salsa-hoisin-227kg-pearl-river-bridge\/"},"modified":"2025-06-09T13:09:53","modified_gmt":"2025-06-09T11:09:53","slug":"salsa-hoisin-227kg-pearl-river-bridge","status":"publish","type":"product","link":"https:\/\/www.laperlavalles.cat\/es\/product\/salsa-hoisin-227kg-pearl-river-bridge\/","title":{"rendered":"SALSA HOISIN 2,27KG PEARL RIVER BRIDGE"},"content":{"rendered":"<p>Salsa asi\u00e1tica espesa y arom\u00e1tica elaborada con pasta de soja fermentada, az\u00facar, vinagre, ajo y especias. Presenta un sabor dulce, salado y ligeramente especiado, ideal para acompa\u00f1ar platos asi\u00e1ticos como el pato pekin\u00e9s y los rollitos de primavera.<\/p>\n","protected":false},"excerpt":{"rendered":"<p>Salsa asi\u00e1tica espesa y arom\u00e1tica elaborada con pasta de soja fermentada, az\u00facar, vinagre, ajo y especias. Presenta un sabor dulce, salado y ligeramente especiado, ideal para<span class=\"excerpt-hellip\"> [\u2026]<\/span><\/p>\n","protected":false},"featured_media":195032,"comment_status":"open","ping_status":"closed","template":"","meta":[],"product_cat":[8466,8391],"product_tag":[],"_links":{"self":[{"href":"https:\/\/www.laperlavalles.cat\/es\/wp-json\/wp\/v2\/product\/195043"}],"collection":[{"href":"https:\/\/www.laperlavalles.cat\/es\/wp-json\/wp\/v2\/product"}],"about":[{"href":"https:\/\/www.laperlavalles.cat\/es\/wp-json\/wp\/v2\/types\/product"}],"replies":[{"embeddable":true,"href":"https:\/\/www.laperlavalles.cat\/es\/wp-json\/wp\/v2\/comments?post=195043"}],"wp:featuredmedia":[{"embeddable":true,"href":"https:\/\/www.laperlavalles.cat\/es\/wp-json\/wp\/v2\/media\/195032"}],"wp:attachment":[{"href":"https:\/\/www.laperlavalles.cat\/es\/wp-json\/wp\/v2\/media?parent=195043"}],"wp:term":[{"taxonomy":"product_cat","embeddable":true,"href":"https:\/\/www.laperlavalles.cat\/es\/wp-json\/wp\/v2\/product_cat?post=195043"},{"taxonomy":"product_tag","embeddable":true,"href":"https:\/\/www.laperlavalles.cat\/es\/wp-json\/wp\/v2\/product_tag?post=195043"}],"curies":[{"name":"wp","href":"https:\/\/api.w.org\/{rel}","templated":true}]}}