{"id":195168,"date":"2025-06-09T10:11:12","date_gmt":"2025-06-09T08:11:12","guid":{"rendered":"https:\/\/www.laperlavalles.cat\/product\/salsa-hoisin-227kg-pearl-river-bridge-8\/"},"modified":"2025-06-09T10:11:12","modified_gmt":"2025-06-09T08:11:12","slug":"salsa-hoisin-227kg-pearl-river-bridge-8","status":"publish","type":"product","link":"https:\/\/www.laperlavalles.cat\/es\/product\/salsa-hoisin-227kg-pearl-river-bridge-8\/","title":{"rendered":"SALSA HOISIN 2,27KG PEARL RIVER BRIDGE"},"content":{"rendered":"<p>Salsa asi\u00e1tica espesa y arom\u00e1tica elaborada con pasta de soja fermentada, az\u00facar, vinagre, ajo y especias. Presenta un sabor dulce, salado y ligeramente especiado, ideal para acompa\u00f1ar platos asi\u00e1ticos como el pato pekin\u00e9s y los rollitos de primavera.<\/p>\n","protected":false},"excerpt":{"rendered":"<p>Salsa asi\u00e1tica espesa y arom\u00e1tica elaborada con pasta de soja fermentada, az\u00facar, vinagre, ajo y especias. Presenta un sabor dulce, salado y ligeramente especiado, ideal para<span class=\"excerpt-hellip\"> [\u2026]<\/span><\/p>\n","protected":false},"featured_media":195164,"comment_status":"open","ping_status":"closed","template":"","meta":[],"product_cat":[36],"product_tag":[],"_links":{"self":[{"href":"https:\/\/www.laperlavalles.cat\/es\/wp-json\/wp\/v2\/product\/195168"}],"collection":[{"href":"https:\/\/www.laperlavalles.cat\/es\/wp-json\/wp\/v2\/product"}],"about":[{"href":"https:\/\/www.laperlavalles.cat\/es\/wp-json\/wp\/v2\/types\/product"}],"replies":[{"embeddable":true,"href":"https:\/\/www.laperlavalles.cat\/es\/wp-json\/wp\/v2\/comments?post=195168"}],"wp:featuredmedia":[{"embeddable":true,"href":"https:\/\/www.laperlavalles.cat\/es\/wp-json\/wp\/v2\/media\/195164"}],"wp:attachment":[{"href":"https:\/\/www.laperlavalles.cat\/es\/wp-json\/wp\/v2\/media?parent=195168"}],"wp:term":[{"taxonomy":"product_cat","embeddable":true,"href":"https:\/\/www.laperlavalles.cat\/es\/wp-json\/wp\/v2\/product_cat?post=195168"},{"taxonomy":"product_tag","embeddable":true,"href":"https:\/\/www.laperlavalles.cat\/es\/wp-json\/wp\/v2\/product_tag?post=195168"}],"curies":[{"name":"wp","href":"https:\/\/api.w.org\/{rel}","templated":true}]}}