{"id":195668,"date":"2025-06-09T11:00:51","date_gmt":"2025-06-09T09:01:06","guid":{"rendered":"https:\/\/www.laperlavalles.cat\/product\/wasabi-en-pasta-tubo-yummyto-42g\/"},"modified":"2025-06-09T14:10:53","modified_gmt":"2025-06-09T12:10:53","slug":"wasabi-en-pasta-tubo-yummyto-42g","status":"publish","type":"product","link":"https:\/\/www.laperlavalles.cat\/es\/product\/wasabi-en-pasta-tubo-yummyto-42g\/","title":{"rendered":"WASABI EN PASTA TUBO YUMMYTO 42G"},"content":{"rendered":"<p>Pasta de wasabi con un sabor intenso y picante, elaborada con r\u00e1bano picante, wasabi, especias y colorantes. Ideal para acompa\u00f1ar sushi, sashimi o dar un toque fuerte y fresco a diferentes platos asi\u00e1ticos.<\/p>\n","protected":false},"excerpt":{"rendered":"<p>Pasta de wasabi con un sabor intenso y picante, elaborada con r\u00e1bano picante, wasabi, especias y colorantes. Ideal para acompa\u00f1ar sushi, sashimi o dar un toque<span class=\"excerpt-hellip\"> [\u2026]<\/span><\/p>\n","protected":false},"featured_media":195657,"comment_status":"open","ping_status":"closed","template":"","meta":[],"product_cat":[8468,8391],"product_tag":[],"_links":{"self":[{"href":"https:\/\/www.laperlavalles.cat\/es\/wp-json\/wp\/v2\/product\/195668"}],"collection":[{"href":"https:\/\/www.laperlavalles.cat\/es\/wp-json\/wp\/v2\/product"}],"about":[{"href":"https:\/\/www.laperlavalles.cat\/es\/wp-json\/wp\/v2\/types\/product"}],"replies":[{"embeddable":true,"href":"https:\/\/www.laperlavalles.cat\/es\/wp-json\/wp\/v2\/comments?post=195668"}],"wp:featuredmedia":[{"embeddable":true,"href":"https:\/\/www.laperlavalles.cat\/es\/wp-json\/wp\/v2\/media\/195657"}],"wp:attachment":[{"href":"https:\/\/www.laperlavalles.cat\/es\/wp-json\/wp\/v2\/media?parent=195668"}],"wp:term":[{"taxonomy":"product_cat","embeddable":true,"href":"https:\/\/www.laperlavalles.cat\/es\/wp-json\/wp\/v2\/product_cat?post=195668"},{"taxonomy":"product_tag","embeddable":true,"href":"https:\/\/www.laperlavalles.cat\/es\/wp-json\/wp\/v2\/product_tag?post=195668"}],"curies":[{"name":"wp","href":"https:\/\/api.w.org\/{rel}","templated":true}]}}