{"id":195868,"date":"2025-06-09T11:18:28","date_gmt":"2025-06-09T09:18:28","guid":{"rendered":"https:\/\/www.laperlavalles.cat\/product\/rabano-picante-en-polvo-yummyto-1kg-6\/"},"modified":"2025-06-09T11:18:28","modified_gmt":"2025-06-09T09:18:28","slug":"rabano-picante-en-polvo-yummyto-1kg-6","status":"publish","type":"product","link":"https:\/\/www.laperlavalles.cat\/es\/product\/rabano-picante-en-polvo-yummyto-1kg-6\/","title":{"rendered":"R\u00c1BANO PICANTE EN POLVO YUMMYTO 1KG"},"content":{"rendered":"<p>Polvo de r\u00e1bano picante de sabor y aroma intensos, utilizado habitualmente como condimento en la cocina asi\u00e1tica. Se puede mezclar con agua para obtener una pasta picante o a\u00f1adir directamente a salsas y platos para dar un toque fuerte y fresco.<\/p>\n","protected":false},"excerpt":{"rendered":"<p>Polvo de r\u00e1bano picante de sabor y aroma intensos, utilizado habitualmente como condimento en la cocina asi\u00e1tica. Se puede mezclar con agua para obtener una pasta<span class=\"excerpt-hellip\"> [\u2026]<\/span><\/p>\n","protected":false},"featured_media":195864,"comment_status":"open","ping_status":"closed","template":"","meta":[],"product_cat":[36],"product_tag":[],"_links":{"self":[{"href":"https:\/\/www.laperlavalles.cat\/es\/wp-json\/wp\/v2\/product\/195868"}],"collection":[{"href":"https:\/\/www.laperlavalles.cat\/es\/wp-json\/wp\/v2\/product"}],"about":[{"href":"https:\/\/www.laperlavalles.cat\/es\/wp-json\/wp\/v2\/types\/product"}],"replies":[{"embeddable":true,"href":"https:\/\/www.laperlavalles.cat\/es\/wp-json\/wp\/v2\/comments?post=195868"}],"wp:featuredmedia":[{"embeddable":true,"href":"https:\/\/www.laperlavalles.cat\/es\/wp-json\/wp\/v2\/media\/195864"}],"wp:attachment":[{"href":"https:\/\/www.laperlavalles.cat\/es\/wp-json\/wp\/v2\/media?parent=195868"}],"wp:term":[{"taxonomy":"product_cat","embeddable":true,"href":"https:\/\/www.laperlavalles.cat\/es\/wp-json\/wp\/v2\/product_cat?post=195868"},{"taxonomy":"product_tag","embeddable":true,"href":"https:\/\/www.laperlavalles.cat\/es\/wp-json\/wp\/v2\/product_tag?post=195868"}],"curies":[{"name":"wp","href":"https:\/\/api.w.org\/{rel}","templated":true}]}}