{"id":196243,"date":"2025-06-10T08:02:25","date_gmt":"2025-06-10T06:02:25","guid":{"rendered":"https:\/\/www.laperlavalles.cat\/product\/huevo-en-polvo-promolac-360g-2\/"},"modified":"2025-06-10T08:02:25","modified_gmt":"2025-06-10T06:02:25","slug":"huevo-en-polvo-promolac-360g-2","status":"publish","type":"product","link":"https:\/\/www.laperlavalles.cat\/es\/product\/huevo-en-polvo-promolac-360g-2\/","title":{"rendered":"HUEVO EN POLVO PROMOLAC 360G"},"content":{"rendered":"<p>Huevo deshidratado en polvo, ideal para reposter\u00eda, pasteler\u00eda, cocina profesional y la elaboraci\u00f3n de huevos revueltos, tortillas o masas. Se conserva f\u00e1cilmente y puede usarse como sustituto del huevo fresco en muchas recetas.<\/p>\n","protected":false},"excerpt":{"rendered":"<p>Huevo deshidratado en polvo, ideal para reposter\u00eda, pasteler\u00eda, cocina profesional y la elaboraci\u00f3n de huevos revueltos, tortillas o masas. Se conserva f\u00e1cilmente y puede usarse como<span class=\"excerpt-hellip\"> [\u2026]<\/span><\/p>\n","protected":false},"featured_media":196239,"comment_status":"open","ping_status":"closed","template":"","meta":[],"product_cat":[8475],"product_tag":[],"_links":{"self":[{"href":"https:\/\/www.laperlavalles.cat\/es\/wp-json\/wp\/v2\/product\/196243"}],"collection":[{"href":"https:\/\/www.laperlavalles.cat\/es\/wp-json\/wp\/v2\/product"}],"about":[{"href":"https:\/\/www.laperlavalles.cat\/es\/wp-json\/wp\/v2\/types\/product"}],"replies":[{"embeddable":true,"href":"https:\/\/www.laperlavalles.cat\/es\/wp-json\/wp\/v2\/comments?post=196243"}],"wp:featuredmedia":[{"embeddable":true,"href":"https:\/\/www.laperlavalles.cat\/es\/wp-json\/wp\/v2\/media\/196239"}],"wp:attachment":[{"href":"https:\/\/www.laperlavalles.cat\/es\/wp-json\/wp\/v2\/media?parent=196243"}],"wp:term":[{"taxonomy":"product_cat","embeddable":true,"href":"https:\/\/www.laperlavalles.cat\/es\/wp-json\/wp\/v2\/product_cat?post=196243"},{"taxonomy":"product_tag","embeddable":true,"href":"https:\/\/www.laperlavalles.cat\/es\/wp-json\/wp\/v2\/product_tag?post=196243"}],"curies":[{"name":"wp","href":"https:\/\/api.w.org\/{rel}","templated":true}]}}