{"id":196588,"date":"2025-06-10T08:33:41","date_gmt":"2025-06-10T06:33:41","guid":{"rendered":"https:\/\/www.laperlavalles.cat\/product\/mezcla-de-banku-king-africa-4kg-3\/"},"modified":"2025-06-10T08:33:41","modified_gmt":"2025-06-10T06:33:41","slug":"mezcla-de-banku-king-africa-4kg-3","status":"publish","type":"product","link":"https:\/\/www.laperlavalles.cat\/es\/product\/mezcla-de-banku-king-africa-4kg-3\/","title":{"rendered":"MEZCLA DE BANKU KING AFRICA 4KG"},"content":{"rendered":"<p>Mezcla en polvo para preparar banku, un plato tradicional de Ghana. Elaborada con harina de ma\u00edz fermentada y harina de yuca, esta mezcla permite conseguir la textura suave y el sabor caracter\u00edstico del banku. Solo hay que a\u00f1adir agua y cocinar removiendo hasta obtener una masa homog\u00e9nea y el\u00e1stica, ideal para acompa\u00f1ar sopas y guisos africanos.<br \/>\nLa Perla distribuye productos alimentarios de \u00c1frica. Contacta con nosotros si tienes una tienda y quieres vender productos de \u00c1frica.<\/p>\n","protected":false},"excerpt":{"rendered":"<p>Mezcla en polvo para preparar banku, un plato tradicional de Ghana. Elaborada con harina de ma\u00edz fermentada y harina de yuca, esta mezcla permite conseguir la<span class=\"excerpt-hellip\"> [\u2026]<\/span><\/p>\n","protected":false},"featured_media":196584,"comment_status":"open","ping_status":"closed","template":"","meta":[],"product_cat":[8398,8476],"product_tag":[],"_links":{"self":[{"href":"https:\/\/www.laperlavalles.cat\/es\/wp-json\/wp\/v2\/product\/196588"}],"collection":[{"href":"https:\/\/www.laperlavalles.cat\/es\/wp-json\/wp\/v2\/product"}],"about":[{"href":"https:\/\/www.laperlavalles.cat\/es\/wp-json\/wp\/v2\/types\/product"}],"replies":[{"embeddable":true,"href":"https:\/\/www.laperlavalles.cat\/es\/wp-json\/wp\/v2\/comments?post=196588"}],"wp:featuredmedia":[{"embeddable":true,"href":"https:\/\/www.laperlavalles.cat\/es\/wp-json\/wp\/v2\/media\/196584"}],"wp:attachment":[{"href":"https:\/\/www.laperlavalles.cat\/es\/wp-json\/wp\/v2\/media?parent=196588"}],"wp:term":[{"taxonomy":"product_cat","embeddable":true,"href":"https:\/\/www.laperlavalles.cat\/es\/wp-json\/wp\/v2\/product_cat?post=196588"},{"taxonomy":"product_tag","embeddable":true,"href":"https:\/\/www.laperlavalles.cat\/es\/wp-json\/wp\/v2\/product_tag?post=196588"}],"curies":[{"name":"wp","href":"https:\/\/api.w.org\/{rel}","templated":true}]}}