{"id":196773,"date":"2025-06-10T08:47:14","date_gmt":"2025-06-10T06:47:14","guid":{"rendered":"https:\/\/www.laperlavalles.cat\/product\/harina-tempura-beary-1kg-7\/"},"modified":"2025-06-10T08:47:14","modified_gmt":"2025-06-10T06:47:14","slug":"harina-tempura-beary-1kg-7","status":"publish","type":"product","link":"https:\/\/www.laperlavalles.cat\/es\/product\/harina-tempura-beary-1kg-7\/","title":{"rendered":"HARINA TEMPURA BEARY 1KG"},"content":{"rendered":"<p>Harina especial para rebozar y fre\u00edr, muy fina y ligera, ideal para conseguir una tempura crujiente y aireada. Solo hay que mezclarla con agua muy fr\u00eda, rebozar verduras, pescado o marisco y fre\u00edr en aceite caliente para lograr la textura ligera y crujiente t\u00edpica de la tempura japonesa.<\/p>\n","protected":false},"excerpt":{"rendered":"<p>Harina especial para rebozar y fre\u00edr, muy fina y ligera, ideal para conseguir una tempura crujiente y aireada. Solo hay que mezclarla con agua muy fr\u00eda,<span class=\"excerpt-hellip\"> [\u2026]<\/span><\/p>\n","protected":false},"featured_media":196769,"comment_status":"open","ping_status":"closed","template":"","meta":[],"product_cat":[8398,8476],"product_tag":[],"_links":{"self":[{"href":"https:\/\/www.laperlavalles.cat\/es\/wp-json\/wp\/v2\/product\/196773"}],"collection":[{"href":"https:\/\/www.laperlavalles.cat\/es\/wp-json\/wp\/v2\/product"}],"about":[{"href":"https:\/\/www.laperlavalles.cat\/es\/wp-json\/wp\/v2\/types\/product"}],"replies":[{"embeddable":true,"href":"https:\/\/www.laperlavalles.cat\/es\/wp-json\/wp\/v2\/comments?post=196773"}],"wp:featuredmedia":[{"embeddable":true,"href":"https:\/\/www.laperlavalles.cat\/es\/wp-json\/wp\/v2\/media\/196769"}],"wp:attachment":[{"href":"https:\/\/www.laperlavalles.cat\/es\/wp-json\/wp\/v2\/media?parent=196773"}],"wp:term":[{"taxonomy":"product_cat","embeddable":true,"href":"https:\/\/www.laperlavalles.cat\/es\/wp-json\/wp\/v2\/product_cat?post=196773"},{"taxonomy":"product_tag","embeddable":true,"href":"https:\/\/www.laperlavalles.cat\/es\/wp-json\/wp\/v2\/product_tag?post=196773"}],"curies":[{"name":"wp","href":"https:\/\/api.w.org\/{rel}","templated":true}]}}