{"id":196898,"date":"2025-06-10T08:56:45","date_gmt":"2025-06-10T06:56:56","guid":{"rendered":"https:\/\/www.laperlavalles.cat\/product\/te-verde-jazmin-gold-kili\/"},"modified":"2025-06-10T14:09:27","modified_gmt":"2025-06-10T12:09:27","slug":"te-verde-jazmin-gold-kili","status":"publish","type":"product","link":"https:\/\/www.laperlavalles.cat\/es\/product\/te-verde-jazmin-gold-kili\/","title":{"rendered":"T\u00c9 VERDE JAZM\u00cdN GOLD KILI"},"content":{"rendered":"<p>T\u00e9 verde de alta calidad combinado con flores de jazm\u00edn, que aporta un aroma floral delicado y un sabor suave y refrescante. Rico en antioxidantes, ideal para disfrutar caliente o fr\u00edo en cualquier momento del d\u00eda.<\/p>\n","protected":false},"excerpt":{"rendered":"<p>T\u00e9 verde de alta calidad combinado con flores de jazm\u00edn, que aporta un aroma floral delicado y un sabor suave y refrescante. Rico en antioxidantes, ideal<span class=\"excerpt-hellip\"> [\u2026]<\/span><\/p>\n","protected":false},"featured_media":196887,"comment_status":"open","ping_status":"closed","template":"","meta":[],"product_cat":[8386,8487],"product_tag":[],"_links":{"self":[{"href":"https:\/\/www.laperlavalles.cat\/es\/wp-json\/wp\/v2\/product\/196898"}],"collection":[{"href":"https:\/\/www.laperlavalles.cat\/es\/wp-json\/wp\/v2\/product"}],"about":[{"href":"https:\/\/www.laperlavalles.cat\/es\/wp-json\/wp\/v2\/types\/product"}],"replies":[{"embeddable":true,"href":"https:\/\/www.laperlavalles.cat\/es\/wp-json\/wp\/v2\/comments?post=196898"}],"wp:featuredmedia":[{"embeddable":true,"href":"https:\/\/www.laperlavalles.cat\/es\/wp-json\/wp\/v2\/media\/196887"}],"wp:attachment":[{"href":"https:\/\/www.laperlavalles.cat\/es\/wp-json\/wp\/v2\/media?parent=196898"}],"wp:term":[{"taxonomy":"product_cat","embeddable":true,"href":"https:\/\/www.laperlavalles.cat\/es\/wp-json\/wp\/v2\/product_cat?post=196898"},{"taxonomy":"product_tag","embeddable":true,"href":"https:\/\/www.laperlavalles.cat\/es\/wp-json\/wp\/v2\/product_tag?post=196898"}],"curies":[{"name":"wp","href":"https:\/\/api.w.org\/{rel}","templated":true}]}}