{"id":196918,"date":"2025-06-10T08:58:41","date_gmt":"2025-06-10T06:58:53","guid":{"rendered":"https:\/\/www.laperlavalles.cat\/product\/camille-rose-sweet-ginger-rose-cleansing-rinse-12oz\/"},"modified":"2025-06-10T14:17:41","modified_gmt":"2025-06-10T12:17:41","slug":"camille-rose-sweet-ginger-rose-cleansing-rinse-12oz","status":"publish","type":"product","link":"https:\/\/www.laperlavalles.cat\/es\/product\/camille-rose-sweet-ginger-rose-cleansing-rinse-12oz\/","title":{"rendered":"CAMILLE ROSE SWEET GINGER ROSE CLEANSING RINSE 12OZ"},"content":{"rendered":"<p>Champ\u00fa limpiador suave con aroma a jengibre dulce y piel de lim\u00f3n. Formulado con ra\u00edz de jengibre, aceite de an\u00eds y aceite de ricino, limpia en profundidad sin resecar ni eliminar la hidrataci\u00f3n natural del cabello. Hace una espuma rica y deja el cabello suave, manejable y brillante. Apto para todo tipo de cabellos, especialmente rizados y texturizados<\/p>\n","protected":false},"excerpt":{"rendered":"<p>Champ\u00fa limpiador suave con aroma a jengibre dulce y piel de lim\u00f3n. Formulado con ra\u00edz de jengibre, aceite de an\u00eds y aceite de ricino, limpia en<span class=\"excerpt-hellip\"> [\u2026]<\/span><\/p>\n","protected":false},"featured_media":196907,"comment_status":"open","ping_status":"closed","template":"","meta":[],"product_cat":[8403,24330],"product_tag":[],"_links":{"self":[{"href":"https:\/\/www.laperlavalles.cat\/es\/wp-json\/wp\/v2\/product\/196918"}],"collection":[{"href":"https:\/\/www.laperlavalles.cat\/es\/wp-json\/wp\/v2\/product"}],"about":[{"href":"https:\/\/www.laperlavalles.cat\/es\/wp-json\/wp\/v2\/types\/product"}],"replies":[{"embeddable":true,"href":"https:\/\/www.laperlavalles.cat\/es\/wp-json\/wp\/v2\/comments?post=196918"}],"wp:featuredmedia":[{"embeddable":true,"href":"https:\/\/www.laperlavalles.cat\/es\/wp-json\/wp\/v2\/media\/196907"}],"wp:attachment":[{"href":"https:\/\/www.laperlavalles.cat\/es\/wp-json\/wp\/v2\/media?parent=196918"}],"wp:term":[{"taxonomy":"product_cat","embeddable":true,"href":"https:\/\/www.laperlavalles.cat\/es\/wp-json\/wp\/v2\/product_cat?post=196918"},{"taxonomy":"product_tag","embeddable":true,"href":"https:\/\/www.laperlavalles.cat\/es\/wp-json\/wp\/v2\/product_tag?post=196918"}],"curies":[{"name":"wp","href":"https:\/\/api.w.org\/{rel}","templated":true}]}}