{"id":197278,"date":"2025-06-10T09:40:51","date_gmt":"2025-06-10T07:41:05","guid":{"rendered":"https:\/\/www.laperlavalles.cat\/product\/caldo-calnort-pescado-1kg\/"},"modified":"2025-06-10T11:49:31","modified_gmt":"2025-06-10T09:49:31","slug":"caldo-calnort-pescado-1kg","status":"publish","type":"product","link":"https:\/\/www.laperlavalles.cat\/es\/product\/caldo-calnort-pescado-1kg\/","title":{"rendered":"CALDO CALNORT PESCADO 1KG"},"content":{"rendered":"<p>Caldo de pescado en polvo, ideal para potenciar arroces, sopas, fideu\u00e1s y guisos de pescado o marisco. Se disuelve f\u00e1cil y r\u00e1pidamente, aportando un sabor intenso y natural a pescado. Formato profesional de 1 kg, sin gluten y con certificado halal. Rendimiento aproximado: 50 litros por kilo.<\/p>\n","protected":false},"excerpt":{"rendered":"<p>Caldo de pescado en polvo, ideal para potenciar arroces, sopas, fideu\u00e1s y guisos de pescado o marisco. Se disuelve f\u00e1cil y r\u00e1pidamente, aportando un sabor intenso<span class=\"excerpt-hellip\"> [\u2026]<\/span><\/p>\n","protected":false},"featured_media":197267,"comment_status":"open","ping_status":"closed","template":"","meta":[],"product_cat":[10618],"product_tag":[],"_links":{"self":[{"href":"https:\/\/www.laperlavalles.cat\/es\/wp-json\/wp\/v2\/product\/197278"}],"collection":[{"href":"https:\/\/www.laperlavalles.cat\/es\/wp-json\/wp\/v2\/product"}],"about":[{"href":"https:\/\/www.laperlavalles.cat\/es\/wp-json\/wp\/v2\/types\/product"}],"replies":[{"embeddable":true,"href":"https:\/\/www.laperlavalles.cat\/es\/wp-json\/wp\/v2\/comments?post=197278"}],"wp:featuredmedia":[{"embeddable":true,"href":"https:\/\/www.laperlavalles.cat\/es\/wp-json\/wp\/v2\/media\/197267"}],"wp:attachment":[{"href":"https:\/\/www.laperlavalles.cat\/es\/wp-json\/wp\/v2\/media?parent=197278"}],"wp:term":[{"taxonomy":"product_cat","embeddable":true,"href":"https:\/\/www.laperlavalles.cat\/es\/wp-json\/wp\/v2\/product_cat?post=197278"},{"taxonomy":"product_tag","embeddable":true,"href":"https:\/\/www.laperlavalles.cat\/es\/wp-json\/wp\/v2\/product_tag?post=197278"}],"curies":[{"name":"wp","href":"https:\/\/api.w.org\/{rel}","templated":true}]}}