{"id":197803,"date":"2025-06-10T10:30:51","date_gmt":"2025-06-10T08:31:03","guid":{"rendered":"https:\/\/www.laperlavalles.cat\/product\/caldo-calnort-carne-250g\/"},"modified":"2025-06-10T12:59:29","modified_gmt":"2025-06-10T10:59:29","slug":"caldo-calnort-carne-250g","status":"publish","type":"product","link":"https:\/\/www.laperlavalles.cat\/es\/product\/caldo-calnort-carne-250g\/","title":{"rendered":"CALDO CALNORT CARNE 250G"},"content":{"rendered":"<p>Caldo de carne en polvo, perfecto para potenciar sopas, arroces, guisos y salsas con un sabor intenso y aut\u00e9ntico a carne. Se disuelve f\u00e1cilmente y es apto para cel\u00edacos (sin gluten) y certificado halal. Formato pr\u00e1ctico de 250 g, rinde aproximadamente 12,5 litros (20 g por litro).<\/p>\n","protected":false},"excerpt":{"rendered":"<p>Caldo de carne en polvo, perfecto para potenciar sopas, arroces, guisos y salsas con un sabor intenso y aut\u00e9ntico a carne. Se disuelve f\u00e1cilmente y es<span class=\"excerpt-hellip\"> [\u2026]<\/span><\/p>\n","protected":false},"featured_media":197792,"comment_status":"open","ping_status":"closed","template":"","meta":[],"product_cat":[10618],"product_tag":[],"_links":{"self":[{"href":"https:\/\/www.laperlavalles.cat\/es\/wp-json\/wp\/v2\/product\/197803"}],"collection":[{"href":"https:\/\/www.laperlavalles.cat\/es\/wp-json\/wp\/v2\/product"}],"about":[{"href":"https:\/\/www.laperlavalles.cat\/es\/wp-json\/wp\/v2\/types\/product"}],"replies":[{"embeddable":true,"href":"https:\/\/www.laperlavalles.cat\/es\/wp-json\/wp\/v2\/comments?post=197803"}],"wp:featuredmedia":[{"embeddable":true,"href":"https:\/\/www.laperlavalles.cat\/es\/wp-json\/wp\/v2\/media\/197792"}],"wp:attachment":[{"href":"https:\/\/www.laperlavalles.cat\/es\/wp-json\/wp\/v2\/media?parent=197803"}],"wp:term":[{"taxonomy":"product_cat","embeddable":true,"href":"https:\/\/www.laperlavalles.cat\/es\/wp-json\/wp\/v2\/product_cat?post=197803"},{"taxonomy":"product_tag","embeddable":true,"href":"https:\/\/www.laperlavalles.cat\/es\/wp-json\/wp\/v2\/product_tag?post=197803"}],"curies":[{"name":"wp","href":"https:\/\/api.w.org\/{rel}","templated":true}]}}