{"id":197873,"date":"2025-06-10T10:39:43","date_gmt":"2025-06-10T08:39:43","guid":{"rendered":"https:\/\/www.laperlavalles.cat\/product\/caldo-calnort-carne-250g-5\/"},"modified":"2025-06-10T10:39:43","modified_gmt":"2025-06-10T08:39:43","slug":"caldo-calnort-carne-250g-5","status":"publish","type":"product","link":"https:\/\/www.laperlavalles.cat\/es\/product\/caldo-calnort-carne-250g-5\/","title":{"rendered":"CALDO CALNORT CARNE 250G"},"content":{"rendered":"<p>Caldo de carne en polvo, perfecto para potenciar sopas, arroces, guisos y salsas con un sabor intenso y aut\u00e9ntico a carne. Se disuelve f\u00e1cilmente y es apto para cel\u00edacos (sin gluten) y certificado halal. Formato pr\u00e1ctico de 250 g, rinde aproximadamente 12,5 litros (20 g por litro).<\/p>\n","protected":false},"excerpt":{"rendered":"<p>Caldo de carne en polvo, perfecto para potenciar sopas, arroces, guisos y salsas con un sabor intenso y aut\u00e9ntico a carne. Se disuelve f\u00e1cilmente y es<span class=\"excerpt-hellip\"> [\u2026]<\/span><\/p>\n","protected":false},"featured_media":197869,"comment_status":"open","ping_status":"closed","template":"","meta":[],"product_cat":[36],"product_tag":[],"_links":{"self":[{"href":"https:\/\/www.laperlavalles.cat\/es\/wp-json\/wp\/v2\/product\/197873"}],"collection":[{"href":"https:\/\/www.laperlavalles.cat\/es\/wp-json\/wp\/v2\/product"}],"about":[{"href":"https:\/\/www.laperlavalles.cat\/es\/wp-json\/wp\/v2\/types\/product"}],"replies":[{"embeddable":true,"href":"https:\/\/www.laperlavalles.cat\/es\/wp-json\/wp\/v2\/comments?post=197873"}],"wp:featuredmedia":[{"embeddable":true,"href":"https:\/\/www.laperlavalles.cat\/es\/wp-json\/wp\/v2\/media\/197869"}],"wp:attachment":[{"href":"https:\/\/www.laperlavalles.cat\/es\/wp-json\/wp\/v2\/media?parent=197873"}],"wp:term":[{"taxonomy":"product_cat","embeddable":true,"href":"https:\/\/www.laperlavalles.cat\/es\/wp-json\/wp\/v2\/product_cat?post=197873"},{"taxonomy":"product_tag","embeddable":true,"href":"https:\/\/www.laperlavalles.cat\/es\/wp-json\/wp\/v2\/product_tag?post=197873"}],"curies":[{"name":"wp","href":"https:\/\/api.w.org\/{rel}","templated":true}]}}