{"id":197973,"date":"2025-06-10T10:50:51","date_gmt":"2025-06-10T08:51:04","guid":{"rendered":"https:\/\/www.laperlavalles.cat\/product\/caldo-calnort-36-pastillas-carne\/"},"modified":"2025-06-10T13:21:09","modified_gmt":"2025-06-10T11:21:09","slug":"caldo-calnort-36-pastillas-carne","status":"publish","type":"product","link":"https:\/\/www.laperlavalles.cat\/es\/product\/caldo-calnort-36-pastillas-carne\/","title":{"rendered":"CALDO CALNORT 36 PASTILLAS CARNE"},"content":{"rendered":"<p>Estuche de 36 pastillas de caldo sabor carne Calnort, sin gluten y certificado halal. Perfecto para potenciar sopas, arroces, guisos y salsas con un sabor intenso y aut\u00e9ntico a carne. Se disuelven f\u00e1cilmente y son pr\u00e1cticas para el uso diario en cocina dom\u00e9stica o profesional.<\/p>\n","protected":false},"excerpt":{"rendered":"<p>Estuche de 36 pastillas de caldo sabor carne Calnort, sin gluten y certificado halal. Perfecto para potenciar sopas, arroces, guisos y salsas con un sabor intenso<span class=\"excerpt-hellip\"> [\u2026]<\/span><\/p>\n","protected":false},"featured_media":197962,"comment_status":"open","ping_status":"closed","template":"","meta":[],"product_cat":[10618],"product_tag":[],"_links":{"self":[{"href":"https:\/\/www.laperlavalles.cat\/es\/wp-json\/wp\/v2\/product\/197973"}],"collection":[{"href":"https:\/\/www.laperlavalles.cat\/es\/wp-json\/wp\/v2\/product"}],"about":[{"href":"https:\/\/www.laperlavalles.cat\/es\/wp-json\/wp\/v2\/types\/product"}],"replies":[{"embeddable":true,"href":"https:\/\/www.laperlavalles.cat\/es\/wp-json\/wp\/v2\/comments?post=197973"}],"wp:featuredmedia":[{"embeddable":true,"href":"https:\/\/www.laperlavalles.cat\/es\/wp-json\/wp\/v2\/media\/197962"}],"wp:attachment":[{"href":"https:\/\/www.laperlavalles.cat\/es\/wp-json\/wp\/v2\/media?parent=197973"}],"wp:term":[{"taxonomy":"product_cat","embeddable":true,"href":"https:\/\/www.laperlavalles.cat\/es\/wp-json\/wp\/v2\/product_cat?post=197973"},{"taxonomy":"product_tag","embeddable":true,"href":"https:\/\/www.laperlavalles.cat\/es\/wp-json\/wp\/v2\/product_tag?post=197973"}],"curies":[{"name":"wp","href":"https:\/\/api.w.org\/{rel}","templated":true}]}}