{"id":198063,"date":"2025-06-10T10:58:38","date_gmt":"2025-06-10T08:58:38","guid":{"rendered":"https:\/\/www.laperlavalles.cat\/product\/caldo-calnort-36-pastillas-carne-7\/"},"modified":"2025-06-10T10:58:38","modified_gmt":"2025-06-10T08:58:38","slug":"caldo-calnort-36-pastillas-carne-7","status":"publish","type":"product","link":"https:\/\/www.laperlavalles.cat\/es\/product\/caldo-calnort-36-pastillas-carne-7\/","title":{"rendered":"CALDO CALNORT 36 PASTILLAS CARNE"},"content":{"rendered":"<p>Estuche de 36 pastillas de caldo sabor carne Calnort, sin gluten y certificado halal. Perfecto para potenciar sopas, arroces, guisos y salsas con un sabor intenso y aut\u00e9ntico a carne. Se disuelven f\u00e1cilmente y son pr\u00e1cticas para el uso diario en cocina dom\u00e9stica o profesional.<\/p>\n","protected":false},"excerpt":{"rendered":"<p>Estuche de 36 pastillas de caldo sabor carne Calnort, sin gluten y certificado halal. Perfecto para potenciar sopas, arroces, guisos y salsas con un sabor intenso<span class=\"excerpt-hellip\"> [\u2026]<\/span><\/p>\n","protected":false},"featured_media":198059,"comment_status":"open","ping_status":"closed","template":"","meta":[],"product_cat":[36],"product_tag":[],"_links":{"self":[{"href":"https:\/\/www.laperlavalles.cat\/es\/wp-json\/wp\/v2\/product\/198063"}],"collection":[{"href":"https:\/\/www.laperlavalles.cat\/es\/wp-json\/wp\/v2\/product"}],"about":[{"href":"https:\/\/www.laperlavalles.cat\/es\/wp-json\/wp\/v2\/types\/product"}],"replies":[{"embeddable":true,"href":"https:\/\/www.laperlavalles.cat\/es\/wp-json\/wp\/v2\/comments?post=198063"}],"wp:featuredmedia":[{"embeddable":true,"href":"https:\/\/www.laperlavalles.cat\/es\/wp-json\/wp\/v2\/media\/198059"}],"wp:attachment":[{"href":"https:\/\/www.laperlavalles.cat\/es\/wp-json\/wp\/v2\/media?parent=198063"}],"wp:term":[{"taxonomy":"product_cat","embeddable":true,"href":"https:\/\/www.laperlavalles.cat\/es\/wp-json\/wp\/v2\/product_cat?post=198063"},{"taxonomy":"product_tag","embeddable":true,"href":"https:\/\/www.laperlavalles.cat\/es\/wp-json\/wp\/v2\/product_tag?post=198063"}],"curies":[{"name":"wp","href":"https:\/\/api.w.org\/{rel}","templated":true}]}}