{"id":198218,"date":"2025-06-10T11:09:54","date_gmt":"2025-06-10T09:09:54","guid":{"rendered":"https:\/\/www.laperlavalles.cat\/product\/caldo-calnort-36p-gamba-9\/"},"modified":"2025-06-10T11:09:54","modified_gmt":"2025-06-10T09:09:54","slug":"caldo-calnort-36p-gamba-9","status":"publish","type":"product","link":"https:\/\/www.laperlavalles.cat\/es\/product\/caldo-calnort-36p-gamba-9\/","title":{"rendered":"CALDO CALNORT 36P GAMBA"},"content":{"rendered":"<p>Estuche de 36 pastillas de caldo de gamba Calnort (aprox. 360g), sin gluten y certificado halal. Perfecto para potenciar sopas, arroces, fideu\u00e1s y guisos de pescado o marisco con un sabor intenso y aut\u00e9ntico a gamba. Se disuelven f\u00e1cilmente y son pr\u00e1cticas para el uso diario en cocina dom\u00e9stica o profesional<\/p>\n","protected":false},"excerpt":{"rendered":"<p>Estuche de 36 pastillas de caldo de gamba Calnort (aprox. 360g), sin gluten y certificado halal. Perfecto para potenciar sopas, arroces, fideu\u00e1s y guisos de pescado<span class=\"excerpt-hellip\"> [\u2026]<\/span><\/p>\n","protected":false},"featured_media":198214,"comment_status":"open","ping_status":"closed","template":"","meta":[],"product_cat":[36],"product_tag":[],"_links":{"self":[{"href":"https:\/\/www.laperlavalles.cat\/es\/wp-json\/wp\/v2\/product\/198218"}],"collection":[{"href":"https:\/\/www.laperlavalles.cat\/es\/wp-json\/wp\/v2\/product"}],"about":[{"href":"https:\/\/www.laperlavalles.cat\/es\/wp-json\/wp\/v2\/types\/product"}],"replies":[{"embeddable":true,"href":"https:\/\/www.laperlavalles.cat\/es\/wp-json\/wp\/v2\/comments?post=198218"}],"wp:featuredmedia":[{"embeddable":true,"href":"https:\/\/www.laperlavalles.cat\/es\/wp-json\/wp\/v2\/media\/198214"}],"wp:attachment":[{"href":"https:\/\/www.laperlavalles.cat\/es\/wp-json\/wp\/v2\/media?parent=198218"}],"wp:term":[{"taxonomy":"product_cat","embeddable":true,"href":"https:\/\/www.laperlavalles.cat\/es\/wp-json\/wp\/v2\/product_cat?post=198218"},{"taxonomy":"product_tag","embeddable":true,"href":"https:\/\/www.laperlavalles.cat\/es\/wp-json\/wp\/v2\/product_tag?post=198218"}],"curies":[{"name":"wp","href":"https:\/\/api.w.org\/{rel}","templated":true}]}}