{"id":198358,"date":"2025-06-10T11:19:56","date_gmt":"2025-06-10T09:19:56","guid":{"rendered":"https:\/\/www.laperlavalles.cat\/product\/caldo-calnort-36-pastillas-cordero-9\/"},"modified":"2025-06-10T11:19:56","modified_gmt":"2025-06-10T09:19:56","slug":"caldo-calnort-36-pastillas-cordero-9","status":"publish","type":"product","link":"https:\/\/www.laperlavalles.cat\/es\/product\/caldo-calnort-36-pastillas-cordero-9\/","title":{"rendered":"CALDO CALNORT 36 PASTILLAS CORDERO"},"content":{"rendered":"<p>Estuche de 36 pastillas de caldo sabor cordero Calnort, sin gluten y certificado halal. Perfecto para potenciar guisos, arroces, sopas y platos de carne con un sabor intenso y aut\u00e9ntico a cordero. Cada pastilla pesa 10 g y se disuelve f\u00e1cilmente, ideal para uso dom\u00e9stico o profesional.<\/p>\n","protected":false},"excerpt":{"rendered":"<p>Estuche de 36 pastillas de caldo sabor cordero Calnort, sin gluten y certificado halal. Perfecto para potenciar guisos, arroces, sopas y platos de carne con un<span class=\"excerpt-hellip\"> [\u2026]<\/span><\/p>\n","protected":false},"featured_media":198354,"comment_status":"open","ping_status":"closed","template":"","meta":[],"product_cat":[36],"product_tag":[],"_links":{"self":[{"href":"https:\/\/www.laperlavalles.cat\/es\/wp-json\/wp\/v2\/product\/198358"}],"collection":[{"href":"https:\/\/www.laperlavalles.cat\/es\/wp-json\/wp\/v2\/product"}],"about":[{"href":"https:\/\/www.laperlavalles.cat\/es\/wp-json\/wp\/v2\/types\/product"}],"replies":[{"embeddable":true,"href":"https:\/\/www.laperlavalles.cat\/es\/wp-json\/wp\/v2\/comments?post=198358"}],"wp:featuredmedia":[{"embeddable":true,"href":"https:\/\/www.laperlavalles.cat\/es\/wp-json\/wp\/v2\/media\/198354"}],"wp:attachment":[{"href":"https:\/\/www.laperlavalles.cat\/es\/wp-json\/wp\/v2\/media?parent=198358"}],"wp:term":[{"taxonomy":"product_cat","embeddable":true,"href":"https:\/\/www.laperlavalles.cat\/es\/wp-json\/wp\/v2\/product_cat?post=198358"},{"taxonomy":"product_tag","embeddable":true,"href":"https:\/\/www.laperlavalles.cat\/es\/wp-json\/wp\/v2\/product_tag?post=198358"}],"curies":[{"name":"wp","href":"https:\/\/api.w.org\/{rel}","templated":true}]}}