{"id":198608,"date":"2025-06-10T11:36:46","date_gmt":"2025-06-10T09:36:57","guid":{"rendered":"https:\/\/www.laperlavalles.cat\/product\/vaselina-locion-corporal-soothing-hydration-600ml\/"},"modified":"2025-09-22T12:09:41","modified_gmt":"2025-09-22T10:09:41","slug":"vaselina-locion-corporal-soothing-hydration-600ml","status":"publish","type":"product","link":"https:\/\/www.laperlavalles.cat\/es\/product\/vaselina-locion-corporal-soothing-hydration-600ml\/","title":{"rendered":"VASELINA LOCI\u00d3N CORPORAL SOOTHING HYDRATION 600ML"},"content":{"rendered":"<p>Loci\u00f3n corporal hidratante con 1% de aloe vera y microgotas de vaselina, dise\u00f1ada para calmar, refrescar e hidratar intensamente la piel seca o deshidratada. Su textura ligera se absorbe r\u00e1pidamente sin dejar sensaci\u00f3n grasa, proporcionando alivio inmediato y frescor. Los l\u00edpidos ultra hidratantes ayudan a fortalecer la barrera natural de la piel y mantienen la hidrataci\u00f3n hasta 3 semanas con uso diario. Ideal para uso diario, especialmente despu\u00e9s de la ducha o cuando la piel necesita hidrataci\u00f3n profunda y alivio.<\/p>\n","protected":false},"excerpt":{"rendered":"<p>Loci\u00f3n corporal hidratante con 1% de aloe vera y microgotas de vaselina, dise\u00f1ada para calmar, refrescar e hidratar intensamente la piel seca o deshidratada. Su textura<span class=\"excerpt-hellip\"> [\u2026]<\/span><\/p>\n","protected":false},"featured_media":198597,"comment_status":"open","ping_status":"closed","template":"","meta":[],"product_cat":[8403,8484],"product_tag":[],"_links":{"self":[{"href":"https:\/\/www.laperlavalles.cat\/es\/wp-json\/wp\/v2\/product\/198608"}],"collection":[{"href":"https:\/\/www.laperlavalles.cat\/es\/wp-json\/wp\/v2\/product"}],"about":[{"href":"https:\/\/www.laperlavalles.cat\/es\/wp-json\/wp\/v2\/types\/product"}],"replies":[{"embeddable":true,"href":"https:\/\/www.laperlavalles.cat\/es\/wp-json\/wp\/v2\/comments?post=198608"}],"wp:featuredmedia":[{"embeddable":true,"href":"https:\/\/www.laperlavalles.cat\/es\/wp-json\/wp\/v2\/media\/198597"}],"wp:attachment":[{"href":"https:\/\/www.laperlavalles.cat\/es\/wp-json\/wp\/v2\/media?parent=198608"}],"wp:term":[{"taxonomy":"product_cat","embeddable":true,"href":"https:\/\/www.laperlavalles.cat\/es\/wp-json\/wp\/v2\/product_cat?post=198608"},{"taxonomy":"product_tag","embeddable":true,"href":"https:\/\/www.laperlavalles.cat\/es\/wp-json\/wp\/v2\/product_tag?post=198608"}],"curies":[{"name":"wp","href":"https:\/\/api.w.org\/{rel}","templated":true}]}}