{"id":198648,"date":"2025-06-11T08:02:35","date_gmt":"2025-06-11T06:02:46","guid":{"rendered":"https:\/\/www.laperlavalles.cat\/product\/vaselina-locion-corporal-essential-healing-600ml\/"},"modified":"2025-09-22T12:14:49","modified_gmt":"2025-09-22T10:14:49","slug":"vaselina-locion-corporal-essential-healing-600ml","status":"publish","type":"product","link":"https:\/\/www.laperlavalles.cat\/es\/product\/vaselina-locion-corporal-essential-healing-600ml\/","title":{"rendered":"VASELINA LOCI\u00d3N CORPORAL ESSENTIAL HEALING 600ML"},"content":{"rendered":"<p>Loci\u00f3n corporal hidratante con microgotas de vaselina jelly y extracto puro de avena, formulada para nutrir y reparar en profundidad la piel seca. Proporciona hidrataci\u00f3n intensa y duradera, cl\u00ednicamente probada para mantener la piel hidratada y \u201ccurada\u201d hasta 3 semanas despu\u00e9s de 4 semanas de uso diario. Se absorbe r\u00e1pidamente, con textura ligera y no grasa, dejando la piel suave, flexible y visiblemente m\u00e1s sana. Ideal para uso diario en todo tipo de piel seca o deshidratada. Con bomba inteligente para una aplicaci\u00f3n limpia y c\u00f3moda.<\/p>\n","protected":false},"excerpt":{"rendered":"<p>Loci\u00f3n corporal hidratante con microgotas de vaselina jelly y extracto puro de avena, formulada para nutrir y reparar en profundidad la piel seca. Proporciona hidrataci\u00f3n intensa<span class=\"excerpt-hellip\"> [\u2026]<\/span><\/p>\n","protected":false},"featured_media":198637,"comment_status":"open","ping_status":"closed","template":"","meta":[],"product_cat":[8403,8484],"product_tag":[],"_links":{"self":[{"href":"https:\/\/www.laperlavalles.cat\/es\/wp-json\/wp\/v2\/product\/198648"}],"collection":[{"href":"https:\/\/www.laperlavalles.cat\/es\/wp-json\/wp\/v2\/product"}],"about":[{"href":"https:\/\/www.laperlavalles.cat\/es\/wp-json\/wp\/v2\/types\/product"}],"replies":[{"embeddable":true,"href":"https:\/\/www.laperlavalles.cat\/es\/wp-json\/wp\/v2\/comments?post=198648"}],"wp:featuredmedia":[{"embeddable":true,"href":"https:\/\/www.laperlavalles.cat\/es\/wp-json\/wp\/v2\/media\/198637"}],"wp:attachment":[{"href":"https:\/\/www.laperlavalles.cat\/es\/wp-json\/wp\/v2\/media?parent=198648"}],"wp:term":[{"taxonomy":"product_cat","embeddable":true,"href":"https:\/\/www.laperlavalles.cat\/es\/wp-json\/wp\/v2\/product_cat?post=198648"},{"taxonomy":"product_tag","embeddable":true,"href":"https:\/\/www.laperlavalles.cat\/es\/wp-json\/wp\/v2\/product_tag?post=198648"}],"curies":[{"name":"wp","href":"https:\/\/api.w.org\/{rel}","templated":true}]}}