{"id":198688,"date":"2025-06-11T08:10:49","date_gmt":"2025-06-11T06:11:00","guid":{"rendered":"https:\/\/www.laperlavalles.cat\/product\/vaselina-aceite-corporal-cocoa-radiant-200ml\/"},"modified":"2025-09-22T12:16:52","modified_gmt":"2025-09-22T10:16:52","slug":"vaselina-aceite-corporal-cocoa-radiant-200ml","status":"publish","type":"product","link":"https:\/\/www.laperlavalles.cat\/es\/product\/vaselina-aceite-corporal-cocoa-radiant-200ml\/","title":{"rendered":"VASELINA ACEITE CORPORAL COCOA RADIANT 200ML"},"content":{"rendered":"<p>Aceite corporal hidratante formulado con manteca de cacao 100% natural y microgotas de vaselina jelly, dise\u00f1ado para nutrir intensamente, reparar y aportar luminosidad a la piel seca o apagada. Proporciona hidrataci\u00f3n profunda y duradera, ayuda a restaurar la barrera natural de la piel y deja la piel suave, flexible y radiante sin sensaci\u00f3n grasa. Su textura ligera se absorbe r\u00e1pidamente y la fragancia c\u00e1lida de cacao aporta una experiencia agradable. Ideal para zonas secas como codos, rodillas y talones, y para uso diario tras la ducha o cuando la piel necesita hidrataci\u00f3n extra. Apto para pieles sensibles.<\/p>\n","protected":false},"excerpt":{"rendered":"<p>Aceite corporal hidratante formulado con manteca de cacao 100% natural y microgotas de vaselina jelly, dise\u00f1ado para nutrir intensamente, reparar y aportar luminosidad a la piel<span class=\"excerpt-hellip\"> [\u2026]<\/span><\/p>\n","protected":false},"featured_media":198677,"comment_status":"open","ping_status":"closed","template":"","meta":[],"product_cat":[8403,8484],"product_tag":[],"_links":{"self":[{"href":"https:\/\/www.laperlavalles.cat\/es\/wp-json\/wp\/v2\/product\/198688"}],"collection":[{"href":"https:\/\/www.laperlavalles.cat\/es\/wp-json\/wp\/v2\/product"}],"about":[{"href":"https:\/\/www.laperlavalles.cat\/es\/wp-json\/wp\/v2\/types\/product"}],"replies":[{"embeddable":true,"href":"https:\/\/www.laperlavalles.cat\/es\/wp-json\/wp\/v2\/comments?post=198688"}],"wp:featuredmedia":[{"embeddable":true,"href":"https:\/\/www.laperlavalles.cat\/es\/wp-json\/wp\/v2\/media\/198677"}],"wp:attachment":[{"href":"https:\/\/www.laperlavalles.cat\/es\/wp-json\/wp\/v2\/media?parent=198688"}],"wp:term":[{"taxonomy":"product_cat","embeddable":true,"href":"https:\/\/www.laperlavalles.cat\/es\/wp-json\/wp\/v2\/product_cat?post=198688"},{"taxonomy":"product_tag","embeddable":true,"href":"https:\/\/www.laperlavalles.cat\/es\/wp-json\/wp\/v2\/product_tag?post=198688"}],"curies":[{"name":"wp","href":"https:\/\/api.w.org\/{rel}","templated":true}]}}