{"id":199278,"date":"2025-06-11T09:29:10","date_gmt":"2025-06-11T07:29:10","guid":{"rendered":"https:\/\/www.laperlavalles.cat\/product\/caldo-promolac-carn-100p-5\/"},"modified":"2025-06-11T09:29:10","modified_gmt":"2025-06-11T07:29:10","slug":"caldo-promolac-carn-100p-5","status":"publish","type":"product","link":"https:\/\/www.laperlavalles.cat\/es\/product\/caldo-promolac-carn-100p-5\/","title":{"rendered":"CALDO PROMOLAC CARN 100P"},"content":{"rendered":"<p>Caldo de carne en pastillas, presentado en bote con 100 unidades de 10 g cada una, perfecto para uso profesional o dom\u00e9stico. Sin gluten ni al\u00e9rgenos seg\u00fan la informaci\u00f3n de la gama Promolac, apto para dietas especiales y certificado halal. Cada pastilla se disuelve f\u00e1cilmente y aporta un sabor intenso y natural a carne en sopas, arroces, guisos y salsas. Formato ahorro y pr\u00e1ctico para cocinas de gran volumen o uso diario.<\/p>\n","protected":false},"excerpt":{"rendered":"<p>Caldo de carne en pastillas, presentado en bote con 100 unidades de 10 g cada una, perfecto para uso profesional o dom\u00e9stico. Sin gluten ni al\u00e9rgenos<span class=\"excerpt-hellip\"> [\u2026]<\/span><\/p>\n","protected":false},"featured_media":199274,"comment_status":"open","ping_status":"closed","template":"","meta":[],"product_cat":[36],"product_tag":[],"_links":{"self":[{"href":"https:\/\/www.laperlavalles.cat\/es\/wp-json\/wp\/v2\/product\/199278"}],"collection":[{"href":"https:\/\/www.laperlavalles.cat\/es\/wp-json\/wp\/v2\/product"}],"about":[{"href":"https:\/\/www.laperlavalles.cat\/es\/wp-json\/wp\/v2\/types\/product"}],"replies":[{"embeddable":true,"href":"https:\/\/www.laperlavalles.cat\/es\/wp-json\/wp\/v2\/comments?post=199278"}],"wp:featuredmedia":[{"embeddable":true,"href":"https:\/\/www.laperlavalles.cat\/es\/wp-json\/wp\/v2\/media\/199274"}],"wp:attachment":[{"href":"https:\/\/www.laperlavalles.cat\/es\/wp-json\/wp\/v2\/media?parent=199278"}],"wp:term":[{"taxonomy":"product_cat","embeddable":true,"href":"https:\/\/www.laperlavalles.cat\/es\/wp-json\/wp\/v2\/product_cat?post=199278"},{"taxonomy":"product_tag","embeddable":true,"href":"https:\/\/www.laperlavalles.cat\/es\/wp-json\/wp\/v2\/product_tag?post=199278"}],"curies":[{"name":"wp","href":"https:\/\/api.w.org\/{rel}","templated":true}]}}