{"id":199588,"date":"2025-06-11T09:58:58","date_gmt":"2025-06-11T07:58:58","guid":{"rendered":"https:\/\/www.laperlavalles.cat\/product\/salsa-ramen-soup-kikkoman-250ml-6\/"},"modified":"2025-06-11T09:58:58","modified_gmt":"2025-06-11T07:58:58","slug":"salsa-ramen-soup-kikkoman-250ml-6","status":"publish","type":"product","link":"https:\/\/www.laperlavalles.cat\/es\/product\/salsa-ramen-soup-kikkoman-250ml-6\/","title":{"rendered":"SALSA RAMEN SOUP KIKKOMAN 250ML"},"content":{"rendered":"<p>Salsa base concentrada para ramen de estilo japon\u00e9s, elaborada con salsa de soja (33%), agua, sal, jarabe de glucosa, aceite de girasol, potenciadores del sabor (glutamato monos\u00f3dico, 5\u2019-ribonucle\u00f3tido dis\u00f3dico), prote\u00edna de soja hidrolizada, alcohol et\u00edlico, especias, almid\u00f3n modificado, espesante (goma xantana), aroma natural, extracto de levadura y polvo de algas marinas (ascophyllum nodosum). Sabor intenso y umami, perfecto para preparar un aut\u00e9ntico ramen shoyu en pocos minutos. Solo hay que diluir 2 cucharadas soperas (30 ml) en 270 ml de agua hirviendo, a\u00f1adir los fideos y tus ingredientes favoritos (carne, huevo, verduras). Apto para veganos. Botella de vidrio de 250 ml (8 raciones).<\/p>\n","protected":false},"excerpt":{"rendered":"<p>Salsa base concentrada para ramen de estilo japon\u00e9s, elaborada con salsa de soja (33%), agua, sal, jarabe de glucosa, aceite de girasol, potenciadores del sabor (glutamato<span class=\"excerpt-hellip\"> [\u2026]<\/span><\/p>\n","protected":false},"featured_media":199584,"comment_status":"open","ping_status":"closed","template":"","meta":[],"product_cat":[36],"product_tag":[],"_links":{"self":[{"href":"https:\/\/www.laperlavalles.cat\/es\/wp-json\/wp\/v2\/product\/199588"}],"collection":[{"href":"https:\/\/www.laperlavalles.cat\/es\/wp-json\/wp\/v2\/product"}],"about":[{"href":"https:\/\/www.laperlavalles.cat\/es\/wp-json\/wp\/v2\/types\/product"}],"replies":[{"embeddable":true,"href":"https:\/\/www.laperlavalles.cat\/es\/wp-json\/wp\/v2\/comments?post=199588"}],"wp:featuredmedia":[{"embeddable":true,"href":"https:\/\/www.laperlavalles.cat\/es\/wp-json\/wp\/v2\/media\/199584"}],"wp:attachment":[{"href":"https:\/\/www.laperlavalles.cat\/es\/wp-json\/wp\/v2\/media?parent=199588"}],"wp:term":[{"taxonomy":"product_cat","embeddable":true,"href":"https:\/\/www.laperlavalles.cat\/es\/wp-json\/wp\/v2\/product_cat?post=199588"},{"taxonomy":"product_tag","embeddable":true,"href":"https:\/\/www.laperlavalles.cat\/es\/wp-json\/wp\/v2\/product_tag?post=199588"}],"curies":[{"name":"wp","href":"https:\/\/api.w.org\/{rel}","templated":true}]}}