{"id":199623,"date":"2025-06-11T10:00:54","date_gmt":"2025-06-11T08:01:09","guid":{"rendered":"https:\/\/www.laperlavalles.cat\/product\/salsa-wok-teriyaki-kikkoman-975ml\/"},"modified":"2025-06-11T14:30:29","modified_gmt":"2025-06-11T12:30:29","slug":"salsa-wok-teriyaki-kikkoman-975ml","status":"publish","type":"product","link":"https:\/\/www.laperlavalles.cat\/es\/product\/salsa-wok-teriyaki-kikkoman-975ml\/","title":{"rendered":"SALSA WOK TERIYAKI KIKKOMAN 975ML"},"content":{"rendered":"<p>Salsa japonesa espesa y cremosa, elaborada con salsa de soja (agua, habas de soja, trigo, sal), az\u00facar, agua, vino (contiene di\u00f3xido de azufre), almid\u00f3n modificado, jarabe de az\u00facar caramelizado, sal, vinagre de alcohol, jengibre en polvo y ajo asado en polvo. Combina notas dulces y saladas con un ligero aroma a vino y un intenso sabor umami. Perfecta para saltear al wok, marinar, lacar o glasear carne, pescado, verduras, tofu o marisco. Su textura viscosa y brillante la hace ideal para platos asi\u00e1ticos, aportando sabor y brillo sin necesidad de a\u00f1adir otros condimentos. Sin aromas artificiales. Apta para uso profesional y dom\u00e9stico.<\/p>\n","protected":false},"excerpt":{"rendered":"<p>Salsa japonesa espesa y cremosa, elaborada con salsa de soja (agua, habas de soja, trigo, sal), az\u00facar, agua, vino (contiene di\u00f3xido de azufre), almid\u00f3n modificado, jarabe<span class=\"excerpt-hellip\"> [\u2026]<\/span><\/p>\n","protected":false},"featured_media":199612,"comment_status":"open","ping_status":"closed","template":"","meta":[],"product_cat":[8466,8391],"product_tag":[],"_links":{"self":[{"href":"https:\/\/www.laperlavalles.cat\/es\/wp-json\/wp\/v2\/product\/199623"}],"collection":[{"href":"https:\/\/www.laperlavalles.cat\/es\/wp-json\/wp\/v2\/product"}],"about":[{"href":"https:\/\/www.laperlavalles.cat\/es\/wp-json\/wp\/v2\/types\/product"}],"replies":[{"embeddable":true,"href":"https:\/\/www.laperlavalles.cat\/es\/wp-json\/wp\/v2\/comments?post=199623"}],"wp:featuredmedia":[{"embeddable":true,"href":"https:\/\/www.laperlavalles.cat\/es\/wp-json\/wp\/v2\/media\/199612"}],"wp:attachment":[{"href":"https:\/\/www.laperlavalles.cat\/es\/wp-json\/wp\/v2\/media?parent=199623"}],"wp:term":[{"taxonomy":"product_cat","embeddable":true,"href":"https:\/\/www.laperlavalles.cat\/es\/wp-json\/wp\/v2\/product_cat?post=199623"},{"taxonomy":"product_tag","embeddable":true,"href":"https:\/\/www.laperlavalles.cat\/es\/wp-json\/wp\/v2\/product_tag?post=199623"}],"curies":[{"name":"wp","href":"https:\/\/api.w.org\/{rel}","templated":true}]}}