{"id":199733,"date":"2025-06-11T10:10:54","date_gmt":"2025-06-11T08:11:06","guid":{"rendered":"https:\/\/www.laperlavalles.cat\/product\/arroz-sushi-kumaki-1kg\/"},"modified":"2026-02-25T15:41:28","modified_gmt":"2026-02-25T14:41:28","slug":"arroz-sushi-kumaki-1kg","status":"publish","type":"product","link":"https:\/\/www.laperlavalles.cat\/es\/product\/arroz-sushi-kumaki-1kg\/","title":{"rendered":"ARROZ SUSHI KUMAKI 1KG"},"content":{"rendered":"<p>Arr\u00f2s de sushi Kumaki d\u2019alta qualitat, elaborat amb gra curt seleccionat per la seva textura lleugerament enganxosa i sabor suau. Ideal per preparar sushi, makis i nigiris, els grans es mantenen units i absorbeixen perfectament el vinagre i els condiments t\u00edpics de la cuina asi\u00e0tica. La marca Kumaki garanteix una qualitat superior, perfecta tant per a cuina asi\u00e0tica casolana com professional.<\/p>\n","protected":false},"excerpt":{"rendered":"<p>Arr\u00f2s de sushi Kumaki d\u2019alta qualitat, elaborat amb gra curt seleccionat per la seva textura lleugerament enganxosa i sabor suau. Ideal per preparar sushi, makis i<span class=\"excerpt-hellip\"> [\u2026]<\/span><\/p>\n","protected":false},"featured_media":199722,"comment_status":"open","ping_status":"closed","template":"","meta":[],"product_cat":[8494,8397],"product_tag":[],"_links":{"self":[{"href":"https:\/\/www.laperlavalles.cat\/es\/wp-json\/wp\/v2\/product\/199733"}],"collection":[{"href":"https:\/\/www.laperlavalles.cat\/es\/wp-json\/wp\/v2\/product"}],"about":[{"href":"https:\/\/www.laperlavalles.cat\/es\/wp-json\/wp\/v2\/types\/product"}],"replies":[{"embeddable":true,"href":"https:\/\/www.laperlavalles.cat\/es\/wp-json\/wp\/v2\/comments?post=199733"}],"wp:featuredmedia":[{"embeddable":true,"href":"https:\/\/www.laperlavalles.cat\/es\/wp-json\/wp\/v2\/media\/199722"}],"wp:attachment":[{"href":"https:\/\/www.laperlavalles.cat\/es\/wp-json\/wp\/v2\/media?parent=199733"}],"wp:term":[{"taxonomy":"product_cat","embeddable":true,"href":"https:\/\/www.laperlavalles.cat\/es\/wp-json\/wp\/v2\/product_cat?post=199733"},{"taxonomy":"product_tag","embeddable":true,"href":"https:\/\/www.laperlavalles.cat\/es\/wp-json\/wp\/v2\/product_tag?post=199733"}],"curies":[{"name":"wp","href":"https:\/\/api.w.org\/{rel}","templated":true}]}}