{"id":200088,"date":"2025-06-11T10:40:00","date_gmt":"2025-06-11T08:40:00","guid":{"rendered":"https:\/\/www.laperlavalles.cat\/product\/arroz-sushi-kumaki-5kg-9\/"},"modified":"2025-06-11T10:40:00","modified_gmt":"2025-06-11T08:40:00","slug":"arroz-sushi-kumaki-5kg-9","status":"publish","type":"product","link":"https:\/\/www.laperlavalles.cat\/es\/product\/arroz-sushi-kumaki-5kg-9\/","title":{"rendered":"ARROZ SUSHI KUMAKI 5KG"},"content":{"rendered":"<p>Arroz de sushi Kumaki de alta calidad, elaborado con grano corto seleccionado por su textura ligeramente pegajosa y sabor suave. Ideal para preparar sushi, makis y nigiris, los granos se mantienen juntos y absorben perfectamente el vinagre y los condimentos t\u00edpicos de la cocina asi\u00e1tica. La marca Kumaki garantiza una calidad superior, perfecta tanto para cocina asi\u00e1tica casera como profesional.<\/p>\n","protected":false},"excerpt":{"rendered":"<p>Arroz de sushi Kumaki de alta calidad, elaborado con grano corto seleccionado por su textura ligeramente pegajosa y sabor suave. Ideal para preparar sushi, makis y<span class=\"excerpt-hellip\"> [\u2026]<\/span><\/p>\n","protected":false},"featured_media":200084,"comment_status":"open","ping_status":"closed","template":"","meta":[],"product_cat":[8494,8397],"product_tag":[],"_links":{"self":[{"href":"https:\/\/www.laperlavalles.cat\/es\/wp-json\/wp\/v2\/product\/200088"}],"collection":[{"href":"https:\/\/www.laperlavalles.cat\/es\/wp-json\/wp\/v2\/product"}],"about":[{"href":"https:\/\/www.laperlavalles.cat\/es\/wp-json\/wp\/v2\/types\/product"}],"replies":[{"embeddable":true,"href":"https:\/\/www.laperlavalles.cat\/es\/wp-json\/wp\/v2\/comments?post=200088"}],"wp:featuredmedia":[{"embeddable":true,"href":"https:\/\/www.laperlavalles.cat\/es\/wp-json\/wp\/v2\/media\/200084"}],"wp:attachment":[{"href":"https:\/\/www.laperlavalles.cat\/es\/wp-json\/wp\/v2\/media?parent=200088"}],"wp:term":[{"taxonomy":"product_cat","embeddable":true,"href":"https:\/\/www.laperlavalles.cat\/es\/wp-json\/wp\/v2\/product_cat?post=200088"},{"taxonomy":"product_tag","embeddable":true,"href":"https:\/\/www.laperlavalles.cat\/es\/wp-json\/wp\/v2\/product_tag?post=200088"}],"curies":[{"name":"wp","href":"https:\/\/api.w.org\/{rel}","templated":true}]}}