{"id":200128,"date":"2025-06-11T10:41:53","date_gmt":"2025-06-11T08:41:53","guid":{"rendered":"https:\/\/www.laperlavalles.cat\/product\/noodles-ippin-yakisoba-classic-vaso-91gr-2\/"},"modified":"2025-06-11T10:41:53","modified_gmt":"2025-06-11T08:41:53","slug":"noodles-ippin-yakisoba-classic-vaso-91gr-2","status":"publish","type":"product","link":"https:\/\/www.laperlavalles.cat\/es\/product\/noodles-ippin-yakisoba-classic-vaso-91gr-2\/","title":{"rendered":"NOODLES IPPIN YAKISOBA CLASSIC VASO 91GR"},"content":{"rendered":"<p>Fideos instant\u00e1neos estilo yakisoba en vaso, con salsa cl\u00e1sica y verduras deshidratadas. Listos en pocos minutos, ideales para una comida r\u00e1pida con sabor asi\u00e1tico. Contienen trigo y soja<\/p>\n","protected":false},"excerpt":{"rendered":"<p>Fideos instant\u00e1neos estilo yakisoba en vaso, con salsa cl\u00e1sica y verduras deshidratadas. Listos en pocos minutos, ideales para una comida r\u00e1pida con sabor asi\u00e1tico. Contienen trigo<span class=\"excerpt-hellip\"> [\u2026]<\/span><\/p>\n","protected":false},"featured_media":200124,"comment_status":"open","ping_status":"closed","template":"","meta":[],"product_cat":[36],"product_tag":[],"_links":{"self":[{"href":"https:\/\/www.laperlavalles.cat\/es\/wp-json\/wp\/v2\/product\/200128"}],"collection":[{"href":"https:\/\/www.laperlavalles.cat\/es\/wp-json\/wp\/v2\/product"}],"about":[{"href":"https:\/\/www.laperlavalles.cat\/es\/wp-json\/wp\/v2\/types\/product"}],"replies":[{"embeddable":true,"href":"https:\/\/www.laperlavalles.cat\/es\/wp-json\/wp\/v2\/comments?post=200128"}],"wp:featuredmedia":[{"embeddable":true,"href":"https:\/\/www.laperlavalles.cat\/es\/wp-json\/wp\/v2\/media\/200124"}],"wp:attachment":[{"href":"https:\/\/www.laperlavalles.cat\/es\/wp-json\/wp\/v2\/media?parent=200128"}],"wp:term":[{"taxonomy":"product_cat","embeddable":true,"href":"https:\/\/www.laperlavalles.cat\/es\/wp-json\/wp\/v2\/product_cat?post=200128"},{"taxonomy":"product_tag","embeddable":true,"href":"https:\/\/www.laperlavalles.cat\/es\/wp-json\/wp\/v2\/product_tag?post=200128"}],"curies":[{"name":"wp","href":"https:\/\/api.w.org\/{rel}","templated":true}]}}