{"id":200283,"date":"2025-06-11T10:50:19","date_gmt":"2025-06-11T08:50:19","guid":{"rendered":"https:\/\/www.laperlavalles.cat\/product\/noodles-ippin-yakisoba-teriyaki-pot-91gr-4\/"},"modified":"2025-06-11T10:50:19","modified_gmt":"2025-06-11T08:50:19","slug":"noodles-ippin-yakisoba-teriyaki-pot-91gr-4","status":"publish","type":"product","link":"https:\/\/www.laperlavalles.cat\/es\/product\/noodles-ippin-yakisoba-teriyaki-pot-91gr-4\/","title":{"rendered":"NOODLES IPPIN YAKISOBA TERIYAKI POT 91GR"},"content":{"rendered":"<p>Fideos instant\u00e1neos estilo yakisoba con salsa teriyaki y verduras deshidratadas, en vaso. Listos en pocos minutos, aportan un sabor asi\u00e1tico dulce y ligeramente caramelizado, ideal para una comida r\u00e1pida. Contienen trigo y soja<\/p>\n","protected":false},"excerpt":{"rendered":"<p>Fideos instant\u00e1neos estilo yakisoba con salsa teriyaki y verduras deshidratadas, en vaso. Listos en pocos minutos, aportan un sabor asi\u00e1tico dulce y ligeramente caramelizado, ideal para<span class=\"excerpt-hellip\"> [\u2026]<\/span><\/p>\n","protected":false},"featured_media":200279,"comment_status":"open","ping_status":"closed","template":"","meta":[],"product_cat":[36],"product_tag":[],"_links":{"self":[{"href":"https:\/\/www.laperlavalles.cat\/es\/wp-json\/wp\/v2\/product\/200283"}],"collection":[{"href":"https:\/\/www.laperlavalles.cat\/es\/wp-json\/wp\/v2\/product"}],"about":[{"href":"https:\/\/www.laperlavalles.cat\/es\/wp-json\/wp\/v2\/types\/product"}],"replies":[{"embeddable":true,"href":"https:\/\/www.laperlavalles.cat\/es\/wp-json\/wp\/v2\/comments?post=200283"}],"wp:featuredmedia":[{"embeddable":true,"href":"https:\/\/www.laperlavalles.cat\/es\/wp-json\/wp\/v2\/media\/200279"}],"wp:attachment":[{"href":"https:\/\/www.laperlavalles.cat\/es\/wp-json\/wp\/v2\/media?parent=200283"}],"wp:term":[{"taxonomy":"product_cat","embeddable":true,"href":"https:\/\/www.laperlavalles.cat\/es\/wp-json\/wp\/v2\/product_cat?post=200283"},{"taxonomy":"product_tag","embeddable":true,"href":"https:\/\/www.laperlavalles.cat\/es\/wp-json\/wp\/v2\/product_tag?post=200283"}],"curies":[{"name":"wp","href":"https:\/\/api.w.org\/{rel}","templated":true}]}}