{"id":200303,"date":"2025-06-11T10:50:52","date_gmt":"2025-06-11T08:51:09","guid":{"rendered":"https:\/\/www.laperlavalles.cat\/product\/matembele-hojas-de-boniato-congeladas-500gr\/"},"modified":"2025-07-08T13:27:15","modified_gmt":"2025-07-08T11:27:15","slug":"matembele-hojas-de-boniato-congeladas-500gr","status":"publish","type":"product","link":"https:\/\/www.laperlavalles.cat\/es\/product\/matembele-hojas-de-boniato-congeladas-500gr\/","title":{"rendered":"MATEMBELE &#8211; HOJAS DE BONIATO CONGELADAS 500GR"},"content":{"rendered":"<p>Hojas de boniato (matembele) seleccionadas y congeladas, muy utilizadas en la cocina africana y asi\u00e1tica. Ricas en fibra, vitaminas A y C y minerales, aportan una textura suave y un sabor delicado a guisos, sopas y platos vegetales. El formato de 500 g es pr\u00e1ctico y permite disfrutar de una verdura nutritiva y vers\u00e1til durante todo el a\u00f1o.<\/p>\n","protected":false},"excerpt":{"rendered":"<p>Hojas de boniato (matembele) seleccionadas y congeladas, muy utilizadas en la cocina africana y asi\u00e1tica. Ricas en fibra, vitaminas A y C y minerales, aportan una<span class=\"excerpt-hellip\"> [\u2026]<\/span><\/p>\n","protected":false},"featured_media":200292,"comment_status":"open","ping_status":"closed","template":"","meta":[],"product_cat":[8402,8500],"product_tag":[],"_links":{"self":[{"href":"https:\/\/www.laperlavalles.cat\/es\/wp-json\/wp\/v2\/product\/200303"}],"collection":[{"href":"https:\/\/www.laperlavalles.cat\/es\/wp-json\/wp\/v2\/product"}],"about":[{"href":"https:\/\/www.laperlavalles.cat\/es\/wp-json\/wp\/v2\/types\/product"}],"replies":[{"embeddable":true,"href":"https:\/\/www.laperlavalles.cat\/es\/wp-json\/wp\/v2\/comments?post=200303"}],"wp:featuredmedia":[{"embeddable":true,"href":"https:\/\/www.laperlavalles.cat\/es\/wp-json\/wp\/v2\/media\/200292"}],"wp:attachment":[{"href":"https:\/\/www.laperlavalles.cat\/es\/wp-json\/wp\/v2\/media?parent=200303"}],"wp:term":[{"taxonomy":"product_cat","embeddable":true,"href":"https:\/\/www.laperlavalles.cat\/es\/wp-json\/wp\/v2\/product_cat?post=200303"},{"taxonomy":"product_tag","embeddable":true,"href":"https:\/\/www.laperlavalles.cat\/es\/wp-json\/wp\/v2\/product_tag?post=200303"}],"curies":[{"name":"wp","href":"https:\/\/api.w.org\/{rel}","templated":true}]}}