{"id":200318,"date":"2025-06-11T10:51:17","date_gmt":"2025-06-11T08:51:17","guid":{"rendered":"https:\/\/www.laperlavalles.cat\/product\/noodles-ippin-yakisoba-teriyaki-pot-91gr-5\/"},"modified":"2025-06-11T10:51:17","modified_gmt":"2025-06-11T08:51:17","slug":"noodles-ippin-yakisoba-teriyaki-pot-91gr-5","status":"publish","type":"product","link":"https:\/\/www.laperlavalles.cat\/es\/product\/noodles-ippin-yakisoba-teriyaki-pot-91gr-5\/","title":{"rendered":"NOODLES IPPIN YAKISOBA TERIYAKI POT 91GR"},"content":{"rendered":"<p>Fideos instant\u00e1neos estilo yakisoba con salsa teriyaki y verduras deshidratadas, en vaso. Listos en pocos minutos, aportan un sabor asi\u00e1tico dulce y ligeramente caramelizado, ideal para una comida r\u00e1pida. Contienen trigo y soja<\/p>\n","protected":false},"excerpt":{"rendered":"<p>Fideos instant\u00e1neos estilo yakisoba con salsa teriyaki y verduras deshidratadas, en vaso. Listos en pocos minutos, aportan un sabor asi\u00e1tico dulce y ligeramente caramelizado, ideal para<span class=\"excerpt-hellip\"> [\u2026]<\/span><\/p>\n","protected":false},"featured_media":200314,"comment_status":"open","ping_status":"closed","template":"","meta":[],"product_cat":[36],"product_tag":[],"_links":{"self":[{"href":"https:\/\/www.laperlavalles.cat\/es\/wp-json\/wp\/v2\/product\/200318"}],"collection":[{"href":"https:\/\/www.laperlavalles.cat\/es\/wp-json\/wp\/v2\/product"}],"about":[{"href":"https:\/\/www.laperlavalles.cat\/es\/wp-json\/wp\/v2\/types\/product"}],"replies":[{"embeddable":true,"href":"https:\/\/www.laperlavalles.cat\/es\/wp-json\/wp\/v2\/comments?post=200318"}],"wp:featuredmedia":[{"embeddable":true,"href":"https:\/\/www.laperlavalles.cat\/es\/wp-json\/wp\/v2\/media\/200314"}],"wp:attachment":[{"href":"https:\/\/www.laperlavalles.cat\/es\/wp-json\/wp\/v2\/media?parent=200318"}],"wp:term":[{"taxonomy":"product_cat","embeddable":true,"href":"https:\/\/www.laperlavalles.cat\/es\/wp-json\/wp\/v2\/product_cat?post=200318"},{"taxonomy":"product_tag","embeddable":true,"href":"https:\/\/www.laperlavalles.cat\/es\/wp-json\/wp\/v2\/product_tag?post=200318"}],"curies":[{"name":"wp","href":"https:\/\/api.w.org\/{rel}","templated":true}]}}