{"id":200353,"date":"2025-06-11T10:54:19","date_gmt":"2025-06-11T08:54:30","guid":{"rendered":"https:\/\/www.laperlavalles.cat\/product\/jabon-lux-aqua-sparkle-80g\/"},"modified":"2025-06-11T14:53:11","modified_gmt":"2025-06-11T12:53:11","slug":"jabon-lux-aqua-sparkle-80g","status":"publish","type":"product","link":"https:\/\/www.laperlavalles.cat\/es\/product\/jabon-lux-aqua-sparkle-80g\/","title":{"rendered":"JAB\u00d3N LUX AQUA SPARKLE 80G"},"content":{"rendered":"<p>Jab\u00f3n en barra con aroma de almizcle floral y aceite de menta, formulado con glicerina, extractos de jazm\u00edn y rosa, y aceites esenciales de loto, palmarrosa y menta. Limpia suavemente, elimina impurezas y exceso de grasa, y deja la piel suave, fresca y ligeramente perfumada con una fragancia vigorizante. Su espuma cremosa y delicada mantiene la hidrataci\u00f3n natural de la piel. Adecuado para uso diario y todo tipo de piel. Su color azul y aspecto elegante aportan un toque est\u00e9tico al ba\u00f1o.<\/p>\n","protected":false},"excerpt":{"rendered":"<p>Jab\u00f3n en barra con aroma de almizcle floral y aceite de menta, formulado con glicerina, extractos de jazm\u00edn y rosa, y aceites esenciales de loto, palmarrosa<span class=\"excerpt-hellip\"> [\u2026]<\/span><\/p>\n","protected":false},"featured_media":200342,"comment_status":"open","ping_status":"closed","template":"","meta":[],"product_cat":[8403,8484],"product_tag":[],"_links":{"self":[{"href":"https:\/\/www.laperlavalles.cat\/es\/wp-json\/wp\/v2\/product\/200353"}],"collection":[{"href":"https:\/\/www.laperlavalles.cat\/es\/wp-json\/wp\/v2\/product"}],"about":[{"href":"https:\/\/www.laperlavalles.cat\/es\/wp-json\/wp\/v2\/types\/product"}],"replies":[{"embeddable":true,"href":"https:\/\/www.laperlavalles.cat\/es\/wp-json\/wp\/v2\/comments?post=200353"}],"wp:featuredmedia":[{"embeddable":true,"href":"https:\/\/www.laperlavalles.cat\/es\/wp-json\/wp\/v2\/media\/200342"}],"wp:attachment":[{"href":"https:\/\/www.laperlavalles.cat\/es\/wp-json\/wp\/v2\/media?parent=200353"}],"wp:term":[{"taxonomy":"product_cat","embeddable":true,"href":"https:\/\/www.laperlavalles.cat\/es\/wp-json\/wp\/v2\/product_cat?post=200353"},{"taxonomy":"product_tag","embeddable":true,"href":"https:\/\/www.laperlavalles.cat\/es\/wp-json\/wp\/v2\/product_tag?post=200353"}],"curies":[{"name":"wp","href":"https:\/\/api.w.org\/{rel}","templated":true}]}}