{"id":200373,"date":"2025-06-11T10:55:40","date_gmt":"2025-06-11T08:55:52","guid":{"rendered":"https:\/\/www.laperlavalles.cat\/product\/jabon-lux-velvet-touch-80g\/"},"modified":"2025-06-11T14:54:35","modified_gmt":"2025-06-11T12:54:35","slug":"jabon-lux-velvet-touch-80g","status":"publish","type":"product","link":"https:\/\/www.laperlavalles.cat\/es\/product\/jabon-lux-velvet-touch-80g\/","title":{"rendered":"JAB\u00d3N LUX VELVET TOUCH 80G"},"content":{"rendered":"<p>Jab\u00f3n en barra enriquecido con aceite de almendra y extracto de jazm\u00edn, formulado para limpiar suavemente la piel y dejarla suave, hidratada y delicadamente perfumada. Su espuma cremosa elimina las impurezas sin resecar, mientras la glicerina y los aceites vegetales ayudan a mantener la humedad natural de la piel. Fragancia floral con notas de jazm\u00edn y almendra, aportando una sensaci\u00f3n de lujo y bienestar en cada ba\u00f1o. Color crema o blanco suave, dise\u00f1o elegante, apto para uso diario y todo tipo de piel. Sin aceites minerales, parabenos ni siliconas.<\/p>\n","protected":false},"excerpt":{"rendered":"<p>Jab\u00f3n en barra enriquecido con aceite de almendra y extracto de jazm\u00edn, formulado para limpiar suavemente la piel y dejarla suave, hidratada y delicadamente perfumada. Su<span class=\"excerpt-hellip\"> [\u2026]<\/span><\/p>\n","protected":false},"featured_media":200362,"comment_status":"open","ping_status":"closed","template":"","meta":[],"product_cat":[8403,8484],"product_tag":[],"_links":{"self":[{"href":"https:\/\/www.laperlavalles.cat\/es\/wp-json\/wp\/v2\/product\/200373"}],"collection":[{"href":"https:\/\/www.laperlavalles.cat\/es\/wp-json\/wp\/v2\/product"}],"about":[{"href":"https:\/\/www.laperlavalles.cat\/es\/wp-json\/wp\/v2\/types\/product"}],"replies":[{"embeddable":true,"href":"https:\/\/www.laperlavalles.cat\/es\/wp-json\/wp\/v2\/comments?post=200373"}],"wp:featuredmedia":[{"embeddable":true,"href":"https:\/\/www.laperlavalles.cat\/es\/wp-json\/wp\/v2\/media\/200362"}],"wp:attachment":[{"href":"https:\/\/www.laperlavalles.cat\/es\/wp-json\/wp\/v2\/media?parent=200373"}],"wp:term":[{"taxonomy":"product_cat","embeddable":true,"href":"https:\/\/www.laperlavalles.cat\/es\/wp-json\/wp\/v2\/product_cat?post=200373"},{"taxonomy":"product_tag","embeddable":true,"href":"https:\/\/www.laperlavalles.cat\/es\/wp-json\/wp\/v2\/product_tag?post=200373"}],"curies":[{"name":"wp","href":"https:\/\/api.w.org\/{rel}","templated":true}]}}