{"id":200393,"date":"2025-06-11T10:56:59","date_gmt":"2025-06-11T08:57:11","guid":{"rendered":"https:\/\/www.laperlavalles.cat\/product\/jabon-lux-magical-spell-80g\/"},"modified":"2025-06-11T14:55:53","modified_gmt":"2025-06-11T12:55:53","slug":"jabon-lux-magical-spell-80g","status":"publish","type":"product","link":"https:\/\/www.laperlavalles.cat\/es\/product\/jabon-lux-magical-spell-80g\/","title":{"rendered":"JAB\u00d3N LUX MAGICAL SPELL 80G"},"content":{"rendered":"<p>Jab\u00f3n en barra con fragancia cautivadora de orqu\u00eddea negra y aceite de enebro, formulado con tecnolog\u00eda Floral Fusion Oil. Limpia suavemente la piel, crea una espuma cremosa y deja un aroma sensual y duradero con notas florales elegantes. Su f\u00f3rmula hidrata y suaviza la piel, ofreciendo una experiencia sensorial \u00fanica y perfumada durante todo el d\u00eda. Ideal para uso diario y todo tipo de piel<\/p>\n","protected":false},"excerpt":{"rendered":"<p>Jab\u00f3n en barra con fragancia cautivadora de orqu\u00eddea negra y aceite de enebro, formulado con tecnolog\u00eda Floral Fusion Oil. Limpia suavemente la piel, crea una espuma<span class=\"excerpt-hellip\"> [\u2026]<\/span><\/p>\n","protected":false},"featured_media":200382,"comment_status":"open","ping_status":"closed","template":"","meta":[],"product_cat":[8403,8484],"product_tag":[],"_links":{"self":[{"href":"https:\/\/www.laperlavalles.cat\/es\/wp-json\/wp\/v2\/product\/200393"}],"collection":[{"href":"https:\/\/www.laperlavalles.cat\/es\/wp-json\/wp\/v2\/product"}],"about":[{"href":"https:\/\/www.laperlavalles.cat\/es\/wp-json\/wp\/v2\/types\/product"}],"replies":[{"embeddable":true,"href":"https:\/\/www.laperlavalles.cat\/es\/wp-json\/wp\/v2\/comments?post=200393"}],"wp:featuredmedia":[{"embeddable":true,"href":"https:\/\/www.laperlavalles.cat\/es\/wp-json\/wp\/v2\/media\/200382"}],"wp:attachment":[{"href":"https:\/\/www.laperlavalles.cat\/es\/wp-json\/wp\/v2\/media?parent=200393"}],"wp:term":[{"taxonomy":"product_cat","embeddable":true,"href":"https:\/\/www.laperlavalles.cat\/es\/wp-json\/wp\/v2\/product_cat?post=200393"},{"taxonomy":"product_tag","embeddable":true,"href":"https:\/\/www.laperlavalles.cat\/es\/wp-json\/wp\/v2\/product_tag?post=200393"}],"curies":[{"name":"wp","href":"https:\/\/api.w.org\/{rel}","templated":true}]}}