{"id":200809,"date":"2025-07-04T08:40:58","date_gmt":"2025-07-04T06:41:14","guid":{"rendered":"https:\/\/www.laperlavalles.cat\/product\/garden-eggs-unifresh-800g\/"},"modified":"2025-07-04T08:45:06","modified_gmt":"2025-07-04T06:45:06","slug":"garden-eggs-unifresh-800g","status":"publish","type":"product","link":"https:\/\/www.laperlavalles.cat\/es\/product\/garden-eggs-unifresh-800g\/","title":{"rendered":"GARDEN EGGS UNIFRESH 800G"},"content":{"rendered":"<p>GARDEN EGGS UNIFRESH 800G son peque\u00f1os frutos de la familia de la berenjena, conocidos tambi\u00e9n como berenjena blanca. Tienen una forma redondeada o de l\u00e1grima y un color blanco caracter\u00edstico. Muy populares en la cocina africana, los garden eggs destacan por su sabor ligeramente dulce y amargo a la vez, lo que los hace ideales para guisos, sopas y estofados.<\/p>\n","protected":false},"excerpt":{"rendered":"<p>GARDEN EGGS UNIFRESH 800G son peque\u00f1os frutos de la familia de la berenjena, conocidos tambi\u00e9n como berenjena blanca. Tienen una forma redondeada o de l\u00e1grima y<span class=\"excerpt-hellip\"> [\u2026]<\/span><\/p>\n","protected":false},"featured_media":200798,"comment_status":"open","ping_status":"closed","template":"","meta":[],"product_cat":[10618],"product_tag":[],"_links":{"self":[{"href":"https:\/\/www.laperlavalles.cat\/es\/wp-json\/wp\/v2\/product\/200809"}],"collection":[{"href":"https:\/\/www.laperlavalles.cat\/es\/wp-json\/wp\/v2\/product"}],"about":[{"href":"https:\/\/www.laperlavalles.cat\/es\/wp-json\/wp\/v2\/types\/product"}],"replies":[{"embeddable":true,"href":"https:\/\/www.laperlavalles.cat\/es\/wp-json\/wp\/v2\/comments?post=200809"}],"wp:featuredmedia":[{"embeddable":true,"href":"https:\/\/www.laperlavalles.cat\/es\/wp-json\/wp\/v2\/media\/200798"}],"wp:attachment":[{"href":"https:\/\/www.laperlavalles.cat\/es\/wp-json\/wp\/v2\/media?parent=200809"}],"wp:term":[{"taxonomy":"product_cat","embeddable":true,"href":"https:\/\/www.laperlavalles.cat\/es\/wp-json\/wp\/v2\/product_cat?post=200809"},{"taxonomy":"product_tag","embeddable":true,"href":"https:\/\/www.laperlavalles.cat\/es\/wp-json\/wp\/v2\/product_tag?post=200809"}],"curies":[{"name":"wp","href":"https:\/\/api.w.org\/{rel}","templated":true}]}}