{"id":200909,"date":"2025-07-04T09:01:01","date_gmt":"2025-07-04T07:01:16","guid":{"rendered":"https:\/\/www.laperlavalles.cat\/product\/bebida-inst-starling-miel-limon-ginger-400g\/"},"modified":"2025-07-04T09:26:20","modified_gmt":"2025-07-04T07:26:20","slug":"bebida-inst-starling-miel-limon-ginger-400g","status":"publish","type":"product","link":"https:\/\/www.laperlavalles.cat\/es\/product\/bebida-inst-starling-miel-limon-ginger-400g\/","title":{"rendered":"BEBIDA INST. STARLING MIEL LIMON GINGER 400G"},"content":{"rendered":"<p>Bebida instant\u00e1nea Starling miel, lim\u00f3n y jengibre 400g: Preparado en polvo para bebida instant\u00e1nea que combina miel, lim\u00f3n y jengibre. Ideal para tomar caliente o fr\u00eda, ofrece un sabor refrescante y reconfortante, perfecto para cualquier momento del d\u00eda<\/p>\n","protected":false},"excerpt":{"rendered":"<p>Bebida instant\u00e1nea Starling miel, lim\u00f3n y jengibre 400g: Preparado en polvo para bebida instant\u00e1nea que combina miel, lim\u00f3n y jengibre. Ideal para tomar caliente o fr\u00eda,<span class=\"excerpt-hellip\"> [\u2026]<\/span><\/p>\n","protected":false},"featured_media":200898,"comment_status":"open","ping_status":"closed","template":"","meta":[],"product_cat":[8386,8487],"product_tag":[],"_links":{"self":[{"href":"https:\/\/www.laperlavalles.cat\/es\/wp-json\/wp\/v2\/product\/200909"}],"collection":[{"href":"https:\/\/www.laperlavalles.cat\/es\/wp-json\/wp\/v2\/product"}],"about":[{"href":"https:\/\/www.laperlavalles.cat\/es\/wp-json\/wp\/v2\/types\/product"}],"replies":[{"embeddable":true,"href":"https:\/\/www.laperlavalles.cat\/es\/wp-json\/wp\/v2\/comments?post=200909"}],"wp:featuredmedia":[{"embeddable":true,"href":"https:\/\/www.laperlavalles.cat\/es\/wp-json\/wp\/v2\/media\/200898"}],"wp:attachment":[{"href":"https:\/\/www.laperlavalles.cat\/es\/wp-json\/wp\/v2\/media?parent=200909"}],"wp:term":[{"taxonomy":"product_cat","embeddable":true,"href":"https:\/\/www.laperlavalles.cat\/es\/wp-json\/wp\/v2\/product_cat?post=200909"},{"taxonomy":"product_tag","embeddable":true,"href":"https:\/\/www.laperlavalles.cat\/es\/wp-json\/wp\/v2\/product_tag?post=200909"}],"curies":[{"name":"wp","href":"https:\/\/api.w.org\/{rel}","templated":true}]}}