{"id":201481,"date":"2026-04-10T11:13:08","date_gmt":"2026-04-10T09:13:20","guid":{"rendered":"https:\/\/www.laperlavalles.cat\/product\/mortadela-zahira-550g\/"},"modified":"2026-04-10T11:17:57","modified_gmt":"2026-04-10T09:17:57","slug":"mortadela-zahira-550g","status":"publish","type":"product","link":"https:\/\/www.laperlavalles.cat\/es\/product\/mortadela-zahira-550g\/","title":{"rendered":"MORTADELA ZAHIRA 550G"},"content":{"rendered":"<p>Mortadela elaborada con una selecci\u00f3n de pollo y vaca que ofrece un sabor suave y aut\u00e9ntico. Producto con certificaci\u00f3n Halal, perfecto para bocadillos y aperitivos.<\/p>\n","protected":false},"excerpt":{"rendered":"<p>Mortadela elaborada con una selecci\u00f3n de pollo y vaca que ofrece un sabor suave y aut\u00e9ntico. Producto con certificaci\u00f3n Halal, perfecto para bocadillos y aperitivos.<\/p>\n","protected":false},"featured_media":201470,"comment_status":"open","ping_status":"closed","template":"","meta":[],"product_cat":[10618],"product_tag":[],"_links":{"self":[{"href":"https:\/\/www.laperlavalles.cat\/es\/wp-json\/wp\/v2\/product\/201481"}],"collection":[{"href":"https:\/\/www.laperlavalles.cat\/es\/wp-json\/wp\/v2\/product"}],"about":[{"href":"https:\/\/www.laperlavalles.cat\/es\/wp-json\/wp\/v2\/types\/product"}],"replies":[{"embeddable":true,"href":"https:\/\/www.laperlavalles.cat\/es\/wp-json\/wp\/v2\/comments?post=201481"}],"wp:featuredmedia":[{"embeddable":true,"href":"https:\/\/www.laperlavalles.cat\/es\/wp-json\/wp\/v2\/media\/201470"}],"wp:attachment":[{"href":"https:\/\/www.laperlavalles.cat\/es\/wp-json\/wp\/v2\/media?parent=201481"}],"wp:term":[{"taxonomy":"product_cat","embeddable":true,"href":"https:\/\/www.laperlavalles.cat\/es\/wp-json\/wp\/v2\/product_cat?post=201481"},{"taxonomy":"product_tag","embeddable":true,"href":"https:\/\/www.laperlavalles.cat\/es\/wp-json\/wp\/v2\/product_tag?post=201481"}],"curies":[{"name":"wp","href":"https:\/\/api.w.org\/{rel}","templated":true}]}}