{"id":201501,"date":"2026-04-10T11:14:21","date_gmt":"2026-04-10T09:14:32","guid":{"rendered":"https:\/\/www.laperlavalles.cat\/product\/mortadela-zahira-220g\/"},"modified":"2026-04-10T11:19:14","modified_gmt":"2026-04-10T09:19:14","slug":"mortadela-zahira-220g","status":"publish","type":"product","link":"https:\/\/www.laperlavalles.cat\/es\/product\/mortadela-zahira-220g\/","title":{"rendered":"MORTADELA ZAHIRA 220G"},"content":{"rendered":"<p>Mortadela elaborada con una selecci\u00f3n de pollo y vaca que ofrece un sabor suave y aut\u00e9ntico. Producto con certificaci\u00f3n Halal, perfecto para bocadillos y aperitivos.<\/p>\n","protected":false},"excerpt":{"rendered":"<p>Mortadela elaborada con una selecci\u00f3n de pollo y vaca que ofrece un sabor suave y aut\u00e9ntico. Producto con certificaci\u00f3n Halal, perfecto para bocadillos y aperitivos.<\/p>\n","protected":false},"featured_media":201490,"comment_status":"open","ping_status":"closed","template":"","meta":[],"product_cat":[10618],"product_tag":[],"_links":{"self":[{"href":"https:\/\/www.laperlavalles.cat\/es\/wp-json\/wp\/v2\/product\/201501"}],"collection":[{"href":"https:\/\/www.laperlavalles.cat\/es\/wp-json\/wp\/v2\/product"}],"about":[{"href":"https:\/\/www.laperlavalles.cat\/es\/wp-json\/wp\/v2\/types\/product"}],"replies":[{"embeddable":true,"href":"https:\/\/www.laperlavalles.cat\/es\/wp-json\/wp\/v2\/comments?post=201501"}],"wp:featuredmedia":[{"embeddable":true,"href":"https:\/\/www.laperlavalles.cat\/es\/wp-json\/wp\/v2\/media\/201490"}],"wp:attachment":[{"href":"https:\/\/www.laperlavalles.cat\/es\/wp-json\/wp\/v2\/media?parent=201501"}],"wp:term":[{"taxonomy":"product_cat","embeddable":true,"href":"https:\/\/www.laperlavalles.cat\/es\/wp-json\/wp\/v2\/product_cat?post=201501"},{"taxonomy":"product_tag","embeddable":true,"href":"https:\/\/www.laperlavalles.cat\/es\/wp-json\/wp\/v2\/product_tag?post=201501"}],"curies":[{"name":"wp","href":"https:\/\/api.w.org\/{rel}","templated":true}]}}