{"id":60105,"date":"2021-07-12T18:53:32","date_gmt":"2021-07-12T16:53:41","guid":{"rendered":"https:\/\/www.laperlavalles2.bcntic.com\/product\/crema-de-cacahuete-the-elements\/"},"modified":"2023-06-23T10:25:23","modified_gmt":"2023-06-23T08:25:23","slug":"crema-de-cacahuete-the-elements","status":"publish","type":"product","link":"https:\/\/www.laperlavalles.cat\/es\/product\/crema-de-cacahuete-the-elements\/","title":{"rendered":"CREMA DE CACAHUETE THE ELEMENTS"},"content":{"rendered":"<p>La crema de cacahuete The Elements es una crema natural elaborada con 100% cacahuetes tostados. No contiene az\u00facares a\u00f1adidos, ni aceite de palma ni otros ingredientes a\u00f1adidos. Aporta una gran cantidad de prote\u00ednas, grasas saludables, minerales, vitaminas y fibras esenciales para la salud. <\/p>\n","protected":false},"excerpt":{"rendered":"<p>La crema de cacahuete The Elements es una crema natural elaborada con 100% cacahuetes tostados. No contiene az\u00facares a\u00f1adidos, ni aceite de palma ni otros ingredientes<span class=\"excerpt-hellip\"> [\u2026]<\/span><\/p>\n","protected":false},"featured_media":163533,"comment_status":"open","ping_status":"closed","template":"","meta":[],"product_cat":[8392],"product_tag":[],"_links":{"self":[{"href":"https:\/\/www.laperlavalles.cat\/es\/wp-json\/wp\/v2\/product\/60105"}],"collection":[{"href":"https:\/\/www.laperlavalles.cat\/es\/wp-json\/wp\/v2\/product"}],"about":[{"href":"https:\/\/www.laperlavalles.cat\/es\/wp-json\/wp\/v2\/types\/product"}],"replies":[{"embeddable":true,"href":"https:\/\/www.laperlavalles.cat\/es\/wp-json\/wp\/v2\/comments?post=60105"}],"wp:featuredmedia":[{"embeddable":true,"href":"https:\/\/www.laperlavalles.cat\/es\/wp-json\/wp\/v2\/media\/163533"}],"wp:attachment":[{"href":"https:\/\/www.laperlavalles.cat\/es\/wp-json\/wp\/v2\/media?parent=60105"}],"wp:term":[{"taxonomy":"product_cat","embeddable":true,"href":"https:\/\/www.laperlavalles.cat\/es\/wp-json\/wp\/v2\/product_cat?post=60105"},{"taxonomy":"product_tag","embeddable":true,"href":"https:\/\/www.laperlavalles.cat\/es\/wp-json\/wp\/v2\/product_tag?post=60105"}],"curies":[{"name":"wp","href":"https:\/\/api.w.org\/{rel}","templated":true}]}}