{"id":60145,"date":"2021-07-12T19:04:24","date_gmt":"2021-07-12T17:04:32","guid":{"rendered":"https:\/\/www.laperlavalles2.bcntic.com\/product\/judia-mungo-golden-cheff\/"},"modified":"2024-07-02T16:29:20","modified_gmt":"2024-07-02T14:29:20","slug":"judia-mungo-golden-cheff","status":"publish","type":"product","link":"https:\/\/www.laperlavalles.cat\/es\/product\/judia-mungo-golden-cheff\/","title":{"rendered":"JUD\u00cdA MUNGO GOLDEN CHEFF"},"content":{"rendered":"<p>Jud\u00edas verdes Golden Chef conocida tambi\u00e9n como soja verde Golden Cheff.<\/p>\n","protected":false},"excerpt":{"rendered":"<p>Jud\u00edas verdes Golden Chef conocida tambi\u00e9n como soja verde Golden Cheff.<\/p>\n","protected":false},"featured_media":161656,"comment_status":"open","ping_status":"closed","template":"","meta":[],"product_cat":[10618],"product_tag":[],"_links":{"self":[{"href":"https:\/\/www.laperlavalles.cat\/es\/wp-json\/wp\/v2\/product\/60145"}],"collection":[{"href":"https:\/\/www.laperlavalles.cat\/es\/wp-json\/wp\/v2\/product"}],"about":[{"href":"https:\/\/www.laperlavalles.cat\/es\/wp-json\/wp\/v2\/types\/product"}],"replies":[{"embeddable":true,"href":"https:\/\/www.laperlavalles.cat\/es\/wp-json\/wp\/v2\/comments?post=60145"}],"wp:featuredmedia":[{"embeddable":true,"href":"https:\/\/www.laperlavalles.cat\/es\/wp-json\/wp\/v2\/media\/161656"}],"wp:attachment":[{"href":"https:\/\/www.laperlavalles.cat\/es\/wp-json\/wp\/v2\/media?parent=60145"}],"wp:term":[{"taxonomy":"product_cat","embeddable":true,"href":"https:\/\/www.laperlavalles.cat\/es\/wp-json\/wp\/v2\/product_cat?post=60145"},{"taxonomy":"product_tag","embeddable":true,"href":"https:\/\/www.laperlavalles.cat\/es\/wp-json\/wp\/v2\/product_tag?post=60145"}],"curies":[{"name":"wp","href":"https:\/\/api.w.org\/{rel}","templated":true}]}}