{"id":60225,"date":"2021-07-12T19:05:53","date_gmt":"2021-07-12T17:06:03","guid":{"rendered":"https:\/\/www.laperlavalles2.bcntic.com\/product\/maiz-cancha\/"},"modified":"2023-06-23T11:46:47","modified_gmt":"2023-06-23T09:46:47","slug":"maiz-cancha","status":"publish","type":"product","link":"https:\/\/www.laperlavalles.cat\/es\/product\/maiz-cancha\/","title":{"rendered":"MA\u00cdZ CANCHA"},"content":{"rendered":"<p>Ma\u00edz cancha para tostar. Origen: Per\u00fa<\/p>\n","protected":false},"excerpt":{"rendered":"<p>Ma\u00edz cancha para tostar. Origen: Per\u00fa<\/p>\n","protected":false},"featured_media":167208,"comment_status":"open","ping_status":"closed","template":"","meta":[],"product_cat":[8396],"product_tag":[],"_links":{"self":[{"href":"https:\/\/www.laperlavalles.cat\/es\/wp-json\/wp\/v2\/product\/60225"}],"collection":[{"href":"https:\/\/www.laperlavalles.cat\/es\/wp-json\/wp\/v2\/product"}],"about":[{"href":"https:\/\/www.laperlavalles.cat\/es\/wp-json\/wp\/v2\/types\/product"}],"replies":[{"embeddable":true,"href":"https:\/\/www.laperlavalles.cat\/es\/wp-json\/wp\/v2\/comments?post=60225"}],"wp:featuredmedia":[{"embeddable":true,"href":"https:\/\/www.laperlavalles.cat\/es\/wp-json\/wp\/v2\/media\/167208"}],"wp:attachment":[{"href":"https:\/\/www.laperlavalles.cat\/es\/wp-json\/wp\/v2\/media?parent=60225"}],"wp:term":[{"taxonomy":"product_cat","embeddable":true,"href":"https:\/\/www.laperlavalles.cat\/es\/wp-json\/wp\/v2\/product_cat?post=60225"},{"taxonomy":"product_tag","embeddable":true,"href":"https:\/\/www.laperlavalles.cat\/es\/wp-json\/wp\/v2\/product_tag?post=60225"}],"curies":[{"name":"wp","href":"https:\/\/api.w.org\/{rel}","templated":true}]}}