{"id":60305,"date":"2021-07-12T19:07:23","date_gmt":"2021-07-12T17:07:31","guid":{"rendered":"https:\/\/www.laperlavalles2.bcntic.com\/product\/judia-mungo-partida-golden-cheff\/"},"modified":"2024-07-02T18:59:12","modified_gmt":"2024-07-02T16:59:12","slug":"judia-mungo-partida-golden-cheff","status":"publish","type":"product","link":"https:\/\/www.laperlavalles.cat\/es\/product\/judia-mungo-partida-golden-cheff\/","title":{"rendered":"JUD\u00cdA MUNGO PARTIDA GOLDEN CHEFF"},"content":{"rendered":"<p>Jud\u00edas verdes partida Golden Chef conocida tambi\u00e9n como soja verde Golden Cheff.<\/p>\n","protected":false},"excerpt":{"rendered":"<p>Jud\u00edas verdes partida Golden Chef conocida tambi\u00e9n como soja verde Golden Cheff.<\/p>\n","protected":false},"featured_media":170520,"comment_status":"open","ping_status":"closed","template":"","meta":[],"product_cat":[10618],"product_tag":[],"_links":{"self":[{"href":"https:\/\/www.laperlavalles.cat\/es\/wp-json\/wp\/v2\/product\/60305"}],"collection":[{"href":"https:\/\/www.laperlavalles.cat\/es\/wp-json\/wp\/v2\/product"}],"about":[{"href":"https:\/\/www.laperlavalles.cat\/es\/wp-json\/wp\/v2\/types\/product"}],"replies":[{"embeddable":true,"href":"https:\/\/www.laperlavalles.cat\/es\/wp-json\/wp\/v2\/comments?post=60305"}],"wp:featuredmedia":[{"embeddable":true,"href":"https:\/\/www.laperlavalles.cat\/es\/wp-json\/wp\/v2\/media\/170520"}],"wp:attachment":[{"href":"https:\/\/www.laperlavalles.cat\/es\/wp-json\/wp\/v2\/media?parent=60305"}],"wp:term":[{"taxonomy":"product_cat","embeddable":true,"href":"https:\/\/www.laperlavalles.cat\/es\/wp-json\/wp\/v2\/product_cat?post=60305"},{"taxonomy":"product_tag","embeddable":true,"href":"https:\/\/www.laperlavalles.cat\/es\/wp-json\/wp\/v2\/product_tag?post=60305"}],"curies":[{"name":"wp","href":"https:\/\/api.w.org\/{rel}","templated":true}]}}