{"id":60325,"date":"2021-07-12T19:07:45","date_gmt":"2021-07-12T17:07:54","guid":{"rendered":"https:\/\/www.laperlavalles2.bcntic.com\/product\/judia-mungo-pelada-partida-golden-cheff\/"},"modified":"2024-07-02T19:08:42","modified_gmt":"2024-07-02T17:08:42","slug":"judia-mungo-pelada-partida-golden-cheff","status":"publish","type":"product","link":"https:\/\/www.laperlavalles.cat\/es\/product\/judia-mungo-pelada-partida-golden-cheff\/","title":{"rendered":"JUD\u00cdA MUNGO PELADA PARTIDA GOLDEN CHEFF"},"content":{"rendered":"<p>Jud\u00edas verdes pelada partida Golden Chef conocida tambi\u00e9n como soja verde Golden Cheff.<\/p>\n","protected":false},"excerpt":{"rendered":"<p>Jud\u00edas verdes pelada partida Golden Chef conocida tambi\u00e9n como soja verde Golden Cheff.<\/p>\n","protected":false},"featured_media":177096,"comment_status":"open","ping_status":"closed","template":"","meta":[],"product_cat":[10618],"product_tag":[],"_links":{"self":[{"href":"https:\/\/www.laperlavalles.cat\/es\/wp-json\/wp\/v2\/product\/60325"}],"collection":[{"href":"https:\/\/www.laperlavalles.cat\/es\/wp-json\/wp\/v2\/product"}],"about":[{"href":"https:\/\/www.laperlavalles.cat\/es\/wp-json\/wp\/v2\/types\/product"}],"replies":[{"embeddable":true,"href":"https:\/\/www.laperlavalles.cat\/es\/wp-json\/wp\/v2\/comments?post=60325"}],"wp:featuredmedia":[{"embeddable":true,"href":"https:\/\/www.laperlavalles.cat\/es\/wp-json\/wp\/v2\/media\/177096"}],"wp:attachment":[{"href":"https:\/\/www.laperlavalles.cat\/es\/wp-json\/wp\/v2\/media?parent=60325"}],"wp:term":[{"taxonomy":"product_cat","embeddable":true,"href":"https:\/\/www.laperlavalles.cat\/es\/wp-json\/wp\/v2\/product_cat?post=60325"},{"taxonomy":"product_tag","embeddable":true,"href":"https:\/\/www.laperlavalles.cat\/es\/wp-json\/wp\/v2\/product_tag?post=60325"}],"curies":[{"name":"wp","href":"https:\/\/api.w.org\/{rel}","templated":true}]}}