{"id":61185,"date":"2021-07-12T19:23:27","date_gmt":"2021-07-12T17:23:36","guid":{"rendered":"https:\/\/www.laperlavalles2.bcntic.com\/product\/salsa-de-soja-premium-light-lee-kum-kee-8l\/"},"modified":"2023-06-23T12:37:03","modified_gmt":"2023-06-23T10:37:03","slug":"salsa-de-soja-premium-light-lee-kum-kee-8l","status":"publish","type":"product","link":"https:\/\/www.laperlavalles.cat\/es\/product\/salsa-de-soja-premium-light-lee-kum-kee-8l\/","title":{"rendered":"SALSA DE SOJA PREMIUM LIGHT LEE KUM KEE 8L"},"content":{"rendered":"<p>La salsa de soja Lee Kum Kee Premium Light Soy Sauce est\u00e1 hecha de semillas de soja seleccionadas y harina de trigo. Est\u00e1 elaborada siguiendo el m\u00e9todo natural y tradicional, que le aporta un sabor rico a soja y un aroma que acentuar\u00e1 delicadamente el sabor de cualquier plato.<br \/>\nLa salsa de soja Light Soy Sauce Premium LKK se utiliza para aderezar y realzar el sabor de cualquier plato, para marinar, saltear&#8230;<\/p>\n","protected":false},"excerpt":{"rendered":"<p>La salsa de soja Lee Kum Kee Premium Light Soy Sauce est\u00e1 hecha de semillas de soja seleccionadas y harina de trigo. Est\u00e1 elaborada siguiendo el<span class=\"excerpt-hellip\"> [\u2026]<\/span><\/p>\n","protected":false},"featured_media":169480,"comment_status":"open","ping_status":"closed","template":"","meta":[],"product_cat":[8466,8391],"product_tag":[],"_links":{"self":[{"href":"https:\/\/www.laperlavalles.cat\/es\/wp-json\/wp\/v2\/product\/61185"}],"collection":[{"href":"https:\/\/www.laperlavalles.cat\/es\/wp-json\/wp\/v2\/product"}],"about":[{"href":"https:\/\/www.laperlavalles.cat\/es\/wp-json\/wp\/v2\/types\/product"}],"replies":[{"embeddable":true,"href":"https:\/\/www.laperlavalles.cat\/es\/wp-json\/wp\/v2\/comments?post=61185"}],"wp:featuredmedia":[{"embeddable":true,"href":"https:\/\/www.laperlavalles.cat\/es\/wp-json\/wp\/v2\/media\/169480"}],"wp:attachment":[{"href":"https:\/\/www.laperlavalles.cat\/es\/wp-json\/wp\/v2\/media?parent=61185"}],"wp:term":[{"taxonomy":"product_cat","embeddable":true,"href":"https:\/\/www.laperlavalles.cat\/es\/wp-json\/wp\/v2\/product_cat?post=61185"},{"taxonomy":"product_tag","embeddable":true,"href":"https:\/\/www.laperlavalles.cat\/es\/wp-json\/wp\/v2\/product_tag?post=61185"}],"curies":[{"name":"wp","href":"https:\/\/api.w.org\/{rel}","templated":true}]}}