{"id":61225,"date":"2021-07-12T19:24:11","date_gmt":"2021-07-12T17:24:20","guid":{"rendered":"https:\/\/www.laperlavalles2.bcntic.com\/product\/salsa-hoisin-lee-kum-kee-227kg\/"},"modified":"2024-06-10T15:50:26","modified_gmt":"2024-06-10T13:50:26","slug":"salsa-hoisin-lee-kum-kee-227kg","status":"publish","type":"product","link":"https:\/\/www.laperlavalles.cat\/es\/product\/salsa-hoisin-lee-kum-kee-227kg\/","title":{"rendered":"SALSA HOISIN LEE KUM KEE 2&#8217;27KG"},"content":{"rendered":"<p>La salsa Hoisin Lee Kum Kee es una salsa concentrada de soja con matices de especias, s\u00e9samo y chiles.<br \/>\nSalsa para marinar, asar, saltear y mojar. Un marinado excelente para barbacoas y perfecto para a\u00f1adir un punto dulce a los salteados. Tambi\u00e9n se utiliza como aderezo para las arom\u00e1ticas y crujientes tortas de pato, un marinado para costillas esternales, que adem\u00e1s se puede combinar con salsa de ajo y chile para cocinar el pollo dulce-picante \u00abKung Pao\u00bb.<\/p>\n","protected":false},"excerpt":{"rendered":"<p>La salsa Hoisin Lee Kum Kee es una salsa concentrada de soja con matices de especias, s\u00e9samo y chiles. Salsa para marinar, asar, saltear y mojar.<span class=\"excerpt-hellip\"> [\u2026]<\/span><\/p>\n","protected":false},"featured_media":169512,"comment_status":"open","ping_status":"closed","template":"","meta":[],"product_cat":[10618],"product_tag":[],"_links":{"self":[{"href":"https:\/\/www.laperlavalles.cat\/es\/wp-json\/wp\/v2\/product\/61225"}],"collection":[{"href":"https:\/\/www.laperlavalles.cat\/es\/wp-json\/wp\/v2\/product"}],"about":[{"href":"https:\/\/www.laperlavalles.cat\/es\/wp-json\/wp\/v2\/types\/product"}],"replies":[{"embeddable":true,"href":"https:\/\/www.laperlavalles.cat\/es\/wp-json\/wp\/v2\/comments?post=61225"}],"wp:featuredmedia":[{"embeddable":true,"href":"https:\/\/www.laperlavalles.cat\/es\/wp-json\/wp\/v2\/media\/169512"}],"wp:attachment":[{"href":"https:\/\/www.laperlavalles.cat\/es\/wp-json\/wp\/v2\/media?parent=61225"}],"wp:term":[{"taxonomy":"product_cat","embeddable":true,"href":"https:\/\/www.laperlavalles.cat\/es\/wp-json\/wp\/v2\/product_cat?post=61225"},{"taxonomy":"product_tag","embeddable":true,"href":"https:\/\/www.laperlavalles.cat\/es\/wp-json\/wp\/v2\/product_tag?post=61225"}],"curies":[{"name":"wp","href":"https:\/\/api.w.org\/{rel}","templated":true}]}}