{"id":61745,"date":"2021-07-12T19:33:49","date_gmt":"2021-07-12T17:33:58","guid":{"rendered":"https:\/\/www.laperlavalles2.bcntic.com\/product\/aceite-virgen-de-coco-the-elements-450ml\/"},"modified":"2024-06-10T14:18:47","modified_gmt":"2024-06-10T12:18:47","slug":"aceite-virgen-de-coco-the-elements-450ml","status":"publish","type":"product","link":"https:\/\/www.laperlavalles.cat\/es\/product\/aceite-virgen-de-coco-the-elements-450ml\/","title":{"rendered":"ACEITE VIRGEN DE COCO THE ELEMENTS 450ML"},"content":{"rendered":"<p>El aceite de coco extra virgen The Elements es un aceite premium obtenido de cocos madurados al sol y prensados en fr\u00edo manteniendo as\u00ed todas las propiedades y aromas del aceite inalteradas. Es un aceite vers\u00e1til que se puede usar tanto en la cocina como tratamiento de belleza. Un producto pensado para tiendas especializadas, nutricionistas, supermercados e hipermercados, restauraci\u00f3n, canal horeca o caterings premium. <\/p>\n","protected":false},"excerpt":{"rendered":"<p>El aceite de coco extra virgen The Elements es un aceite premium obtenido de cocos madurados al sol y prensados en fr\u00edo manteniendo as\u00ed todas las<span class=\"excerpt-hellip\"> [\u2026]<\/span><\/p>\n","protected":false},"featured_media":163245,"comment_status":"open","ping_status":"closed","template":"","meta":[],"product_cat":[10618],"product_tag":[],"_links":{"self":[{"href":"https:\/\/www.laperlavalles.cat\/es\/wp-json\/wp\/v2\/product\/61745"}],"collection":[{"href":"https:\/\/www.laperlavalles.cat\/es\/wp-json\/wp\/v2\/product"}],"about":[{"href":"https:\/\/www.laperlavalles.cat\/es\/wp-json\/wp\/v2\/types\/product"}],"replies":[{"embeddable":true,"href":"https:\/\/www.laperlavalles.cat\/es\/wp-json\/wp\/v2\/comments?post=61745"}],"wp:featuredmedia":[{"embeddable":true,"href":"https:\/\/www.laperlavalles.cat\/es\/wp-json\/wp\/v2\/media\/163245"}],"wp:attachment":[{"href":"https:\/\/www.laperlavalles.cat\/es\/wp-json\/wp\/v2\/media?parent=61745"}],"wp:term":[{"taxonomy":"product_cat","embeddable":true,"href":"https:\/\/www.laperlavalles.cat\/es\/wp-json\/wp\/v2\/product_cat?post=61745"},{"taxonomy":"product_tag","embeddable":true,"href":"https:\/\/www.laperlavalles.cat\/es\/wp-json\/wp\/v2\/product_tag?post=61745"}],"curies":[{"name":"wp","href":"https:\/\/api.w.org\/{rel}","templated":true}]}}