{"id":61945,"date":"2021-07-12T19:37:12","date_gmt":"2021-07-12T17:37:20","guid":{"rendered":"https:\/\/www.laperlavalles2.bcntic.com\/product\/salsa-agridulce-aroy-d-720ml\/"},"modified":"2023-06-23T08:27:13","modified_gmt":"2023-06-23T06:27:13","slug":"salsa-agridulce-aroy-d-720ml","status":"publish","type":"product","link":"https:\/\/www.laperlavalles.cat\/es\/product\/salsa-agridulce-aroy-d-720ml\/","title":{"rendered":"SALSA AGRIDULCE AROY-D 720ML"},"content":{"rendered":"<p>La salsa agridulce Aroy-d es una salsa de la cocina tradicional asi\u00e1tica y en especial tailandesa que mezcla sabores \u00e1cido y dulce. Se usa para aderezar los rollitos de primavera y como complemento para las frituras, ideal para acompa\u00f1ar platos a base de cerdo, pollo, ternera&#8230;<\/p>\n","protected":false},"excerpt":{"rendered":"<p>La salsa agridulce Aroy-d es una salsa de la cocina tradicional asi\u00e1tica y en especial tailandesa que mezcla sabores \u00e1cido y dulce. Se usa para aderezar<span class=\"excerpt-hellip\"> [\u2026]<\/span><\/p>\n","protected":false},"featured_media":158173,"comment_status":"open","ping_status":"closed","template":"","meta":[],"product_cat":[8466,8391],"product_tag":[],"_links":{"self":[{"href":"https:\/\/www.laperlavalles.cat\/es\/wp-json\/wp\/v2\/product\/61945"}],"collection":[{"href":"https:\/\/www.laperlavalles.cat\/es\/wp-json\/wp\/v2\/product"}],"about":[{"href":"https:\/\/www.laperlavalles.cat\/es\/wp-json\/wp\/v2\/types\/product"}],"replies":[{"embeddable":true,"href":"https:\/\/www.laperlavalles.cat\/es\/wp-json\/wp\/v2\/comments?post=61945"}],"wp:featuredmedia":[{"embeddable":true,"href":"https:\/\/www.laperlavalles.cat\/es\/wp-json\/wp\/v2\/media\/158173"}],"wp:attachment":[{"href":"https:\/\/www.laperlavalles.cat\/es\/wp-json\/wp\/v2\/media?parent=61945"}],"wp:term":[{"taxonomy":"product_cat","embeddable":true,"href":"https:\/\/www.laperlavalles.cat\/es\/wp-json\/wp\/v2\/product_cat?post=61945"},{"taxonomy":"product_tag","embeddable":true,"href":"https:\/\/www.laperlavalles.cat\/es\/wp-json\/wp\/v2\/product_tag?post=61945"}],"curies":[{"name":"wp","href":"https:\/\/api.w.org\/{rel}","templated":true}]}}