{"id":61985,"date":"2021-07-12T19:37:48","date_gmt":"2021-07-12T17:37:56","guid":{"rendered":"https:\/\/www.laperlavalles2.bcntic.com\/product\/salsa-aji-oriental-200ml\/"},"modified":"2023-06-23T08:27:54","modified_gmt":"2023-06-23T06:27:54","slug":"salsa-aji-oriental-200ml","status":"publish","type":"product","link":"https:\/\/www.laperlavalles.cat\/es\/product\/salsa-aji-oriental-200ml\/","title":{"rendered":"SALSA AJI ORIENTAL 200ML"},"content":{"rendered":"<p>La Salsa Aji Oriental es la principal marca de salsa de aj\u00ed picante de Ecuador y consumida por la mayor\u00eda de la poblaci\u00f3n latina.<\/p>\n","protected":false},"excerpt":{"rendered":"<p>La Salsa Aji Oriental es la principal marca de salsa de aj\u00ed picante de Ecuador y consumida por la mayor\u00eda de la poblaci\u00f3n latina.<\/p>\n","protected":false},"featured_media":158200,"comment_status":"open","ping_status":"closed","template":"","meta":[],"product_cat":[8466,8391],"product_tag":[],"_links":{"self":[{"href":"https:\/\/www.laperlavalles.cat\/es\/wp-json\/wp\/v2\/product\/61985"}],"collection":[{"href":"https:\/\/www.laperlavalles.cat\/es\/wp-json\/wp\/v2\/product"}],"about":[{"href":"https:\/\/www.laperlavalles.cat\/es\/wp-json\/wp\/v2\/types\/product"}],"replies":[{"embeddable":true,"href":"https:\/\/www.laperlavalles.cat\/es\/wp-json\/wp\/v2\/comments?post=61985"}],"wp:featuredmedia":[{"embeddable":true,"href":"https:\/\/www.laperlavalles.cat\/es\/wp-json\/wp\/v2\/media\/158200"}],"wp:attachment":[{"href":"https:\/\/www.laperlavalles.cat\/es\/wp-json\/wp\/v2\/media?parent=61985"}],"wp:term":[{"taxonomy":"product_cat","embeddable":true,"href":"https:\/\/www.laperlavalles.cat\/es\/wp-json\/wp\/v2\/product_cat?post=61985"},{"taxonomy":"product_tag","embeddable":true,"href":"https:\/\/www.laperlavalles.cat\/es\/wp-json\/wp\/v2\/product_tag?post=61985"}],"curies":[{"name":"wp","href":"https:\/\/api.w.org\/{rel}","templated":true}]}}